{"id":2661,"date":"2024-07-04T10:33:48","date_gmt":"2024-07-04T08:33:48","guid":{"rendered":"https:\/\/jro-transport.se\/trasporti-svezia-danimarca\/"},"modified":"2024-07-08T10:53:44","modified_gmt":"2024-07-08T08:53:44","slug":"trasporti-svezia-danimarca","status":"publish","type":"page","link":"https:\/\/jro-transport.se\/it\/trasporti-svezia-danimarca\/","title":{"rendered":"Trasporti Svezia &#8211; Danimarca"},"content":{"rendered":"<div id='full_slider_1'  class='avia-fullwidth-slider main_color avia-shadow  av-small-hide av-mini-hide  avia-builder-el-0  el_before_av_slideshow_full  avia-builder-el-first   container_wrap fullsize' style=' '  ><div   data-size='featured'  data-lightbox_size='large'  data-animation='slide'  data-conditional_play=''  data-ids='2485'  data-video_counter='0'  data-autoplay='false'  data-bg_slider='false'  data-slide_height=''  data-handle='av_slideshow_full'  data-interval='5'  data-class=' '  data-el_id=''  data-css_id=''  data-scroll_down=''  data-control_layout='av-control-default'  data-custom_markup=''  data-perma_caption=''  data-autoplay_stopper=''  data-image_attachment=''  data-min_height='450px'  data-lazy_loading='disabled'  data-src=''  data-position='top left'  data-repeat='no-repeat'  data-attach='scroll'  data-stretch=''  data-default-height='22.395833333333'  class='avia-slideshow avia-slideshow-1  av-control-default av-default-height-applied avia-slideshow-featured av_slideshow_full   avia-slide-slider '  itemprop=\"image\" itemscope=\"itemscope\" itemtype=\"https:\/\/schema.org\/ImageObject\" ><ul class='avia-slideshow-inner ' style='padding-bottom: 22.395833333333%;' ><li  class=' av-single-slide slide-1 ' ><div data-rel='slideshow-1' class='avia-slide-wrap '   ><img decoding=\"async\" class=\"wp-image-2489 avia-img-lazy-loading-not-2489\"  src=\"https:\/\/jro-transport.se\/wp-content\/uploads\/2024\/07\/transport-sverige-danmark-1920x430.png\" width=\"1920\" height=\"430\" title='transport-sverige-danmark' alt=''  itemprop=\"thumbnailUrl\"  style='min-height:450px; min-width:2010px; ' \/><\/div><\/li><\/ul><\/div><\/div>\n<div id='full_slider_2'  class='avia-fullwidth-slider main_color avia-shadow  av-desktop-hide av-medium-hide  avia-builder-el-1  el_after_av_slideshow_full  el_before_av_section   slider-not-first container_wrap fullsize' style=' '  ><div   data-size='large'  data-lightbox_size='large'  data-animation='slide'  data-conditional_play=''  data-ids='2490'  data-video_counter='0'  data-autoplay='false'  data-bg_slider='false'  data-slide_height=''  data-handle='av_slideshow_full'  data-interval='5'  data-class=' '  data-el_id=''  data-css_id=''  data-scroll_down=''  data-control_layout='av-control-default'  data-custom_markup=''  data-perma_caption=''  data-autoplay_stopper=''  data-image_attachment=''  data-min_height='350px'  data-lazy_loading='disabled'  data-src=''  data-position='top left'  data-repeat='no-repeat'  data-attach='scroll'  data-stretch=''  class='avia-slideshow avia-slideshow-2  av-control-default av-default-height-applied avia-slideshow-large av_slideshow_full   avia-slide-slider '  itemprop=\"image\" itemscope=\"itemscope\" itemtype=\"https:\/\/schema.org\/ImageObject\" ><ul class='avia-slideshow-inner ' style='padding-bottom: 100%;' ><li  class=' av-single-slide slide-1 ' ><div data-rel='slideshow-2' class='avia-slide-wrap '   ><img decoding=\"async\" class=\"wp-image-2494 avia-img-lazy-loading-not-2494\"  src=\"https:\/\/jro-transport.se\/wp-content\/uploads\/2024\/07\/transport-danmark-sverige.png\" width=\"1030\" height=\"1030\" title='transport-danmark-sverige' alt='Transport Sverige-Danmark-Sverige'  itemprop=\"thumbnailUrl\"  style='min-height:350px; min-width:351px; ' srcset=\"https:\/\/jro-transport.se\/wp-content\/uploads\/2024\/07\/transport-danmark-sverige.png 1030w, https:\/\/jro-transport.se\/wp-content\/uploads\/2024\/07\/transport-danmark-sverige-300x300.png 300w, https:\/\/jro-transport.se\/wp-content\/uploads\/2024\/07\/transport-danmark-sverige-80x80.png 80w, https:\/\/jro-transport.se\/wp-content\/uploads\/2024\/07\/transport-danmark-sverige-768x768.png 768w, https:\/\/jro-transport.se\/wp-content\/uploads\/2024\/07\/transport-danmark-sverige-36x36.png 36w, https:\/\/jro-transport.se\/wp-content\/uploads\/2024\/07\/transport-danmark-sverige-180x180.png 180w, https:\/\/jro-transport.se\/wp-content\/uploads\/2024\/07\/transport-danmark-sverige-705x705.png 705w\" sizes=\"(max-width: 1030px) 100vw, 1030px\" \/><\/div><\/li><\/ul><\/div><\/div>\n<div id='av_section_1'  class='avia-section main_color avia-section-default avia-no-border-styling  avia-bg-style-scroll  avia-builder-el-2  el_after_av_slideshow_full  el_before_av_masonry_gallery   container_wrap fullsize' style=' '  ><div class='container' ><div class='template-page content  av-content-full alpha units'><div class='post-entry post-entry-type-page post-entry-2661'><div class='entry-content-wrapper clearfix'>\n<div class=\"flex_column av_one_fifth  flex_column_div av-zero-column-padding first  avia-builder-el-3  el_before_av_three_fifth  avia-builder-el-first  \" style='border-radius:0px; '><\/div><div class=\"flex_column av_three_fifth  flex_column_div av-zero-column-padding   avia-builder-el-4  el_after_av_one_fifth  el_before_av_one_fifth  \" style='border-radius:0px; '><p><div  style='padding-bottom:10px; ' class='av-special-heading av-special-heading-h1  blockquote modern-quote modern-centered  avia-builder-el-5  el_before_av_textblock  avia-builder-el-first  '><h1 class='av-special-heading-tag '  itemprop=\"headline\"  >Trasporti Svezia &#8211; Danimarca<\/h1><div class='special-heading-border'><div class='special-heading-inner-border' ><\/div><\/div><\/div><br \/>\n<section class=\"av_textblock_section \"  itemscope=\"itemscope\" itemtype=\"https:\/\/schema.org\/CreativeWork\" ><div class='avia_textblock  '   itemprop=\"text\" ><p>Benvenuti in J.R.O. Transport &amp; Service, il tuo partner per i trasporti tra Svezia e Danimarca. Con noi ottieni soluzioni di trasporto su strada adatte a soddisfare al meglio le tue esigenze.<\/p>\n<p>Abbiamo una vasta esperienza nel trasporto di barche, macchine edili e altri tipi di merci pi\u00f9 grandi sia in Svezia che a livello internazionale. I nostri veicoli partono solitamente da Grebbestad, sulla costa occidentale.<\/p>\n<p>Se hai bisogno di trasportare merci tra la Svezia e la Danimarca, o viceversa, presto potremmo essere pronti ad aiutarti. Sentiti libero di inviare la tua richiesta!<\/p>\n<\/div><\/section><br \/>\n<div  style='height:30px' class='hr hr-invisible   avia-builder-el-7  el_after_av_textblock  el_before_av_button '><span class='hr-inner ' ><span class='hr-inner-style'><\/span><\/span><\/div><br \/>\n<div  class='avia-button-wrap avia-button-center  avia-builder-el-8  el_after_av_hr  el_before_av_hr ' ><a href='https:\/\/jro-transport.se\/it\/transportforfragan\/'  class='avia-button  avia-color-theme-color   avia-icon_select-no avia-size-small avia-position-center '   ><span class='avia_iconbox_title' >Fare una richiesta<\/span><\/a><\/div><br \/>\n<div  style='height:30px' class='hr hr-invisible   avia-builder-el-9  el_after_av_button  el_before_av_textblock '><span class='hr-inner ' ><span class='hr-inner-style'><\/span><\/span><\/div><br \/>\n<section class=\"av_textblock_section \"  itemscope=\"itemscope\" itemtype=\"https:\/\/schema.org\/CreativeWork\" ><div class='avia_textblock  '   itemprop=\"text\" ><h2>Soluzioni di trasporto efficienti tra Svezia e Danimarca<\/h2>\n<p>Quando hai bisogno di un trasporto in Danimarca, puoi contare su di noi. Guidiamo in tutta la Danimarca e ci assicuriamo che le vostre merci vengano consegnate in modo sicuro e puntuale.<\/p>\n<p>I nostri veicoli moderni sono attrezzati per movimentare diversi tipi di carico e i nostri autisti esperti hanno esperienza nel trasporto di oggetti sensibili e pesanti.<\/p>\n<h2>Trasporto in barca tra Svezia e Danimarca<\/h2>\n<p>Abbiamo una vasta esperienza nel trasporto barche e possiamo movimentare imbarcazioni di tutte le dimensioni. Indipendentemente dal fatto che tu voglia trasportare la tua barca in Danimarca o portarla in Svezia, puoi star certo che la tua perla sar\u00e0 trattata con cura.<\/p>\n<p>I nostri rimorchi sono appositamente progettati per il trasporto di barche e pianifichiamo attentamente ogni parte del trasporto per evitare danni alla vostra barca.<\/p>\n<h3>Trasporto di macchine edili e altre merci<\/h3>\n<p>Oltre alle barche offriamo anche il trasporto di altre merci e macchine edili come escavatori e pale gommate. Disponiamo di camion e rimorchi appositamente adattati per merci pesanti e i nostri autisti esperti assicurano che la vostra attrezzatura raggiunga la sua destinazione in modo sicuro ed efficiente.<\/p>\n<h3>Logistica ottimizzata per l\u2019ambiente e risparmio sui costi<\/h3>\n<p>I nostri trasporti verso la Danimarca sono attentamente pianificati per evitare viaggi di ritorno a vuoto verso la Svezia. Ottimizzando i trasporti e utilizzando i viaggi di andata e ritorno, possiamo contenere i costi e ridurre il nostro impatto ambientale, il che rende i nostri servizi economici e sostenibili.<\/p>\n<h4>Priorit\u00e0 alla sicurezza e alla precisione<\/h4>\n<p>La sicurezza \u00e8 la nostra massima priorit\u00e0 durante il trasporto delle vostre merci. I nostri autisti seguono una formazione continua per conformarsi alle pi\u00f9 recenti norme di sicurezza e sono qualificati nel gestire qualsiasi sfida che possa sorgere durante il trasporto. Puoi fidarti che gestiamo la tua merce con la massima cura.<\/p>\n<h4>Portiamo la tua merce dove vuoi, quando vuoi<\/h4>\n<p>Offriamo soluzioni di trasporto flessibili che si adattano alle vostre esigenze specifiche. Il tuo autista lavora a stretto contatto con te per comprendere le tue esigenze e sviluppare un piano di trasporto perfettamente adatto alla tua situazione. Con la nostra esperienza e le nostre risorse, possiamo gestire qualsiasi cosa, dalle piccole alle grandi consegne.<\/p>\n<h4>Contattaci per prenotare il trasporto in Danimarca<\/h4>\n<p>Quando hai bisogno di trasporto da o verso la Danimarca, siamo la compagnia giusta. Ci impegniamo a fornire sempre soluzioni sostenibili e di alta qualit\u00e0 per il tuo trasporto tra Svezia e Danimarca.<\/p>\n<p><a href=\"https:\/\/jro-transport.se\/it\/contatto\/\">Contattaci<\/a> e raccontaci qualcosa delle tue esigenze: saremo lieti di fornirti un preventivo e un orario. Non vediamo l&#8217;ora di aiutarti con il tuo trasporto in Danimarca!<\/p>\n<\/div><\/section><\/p><\/div><div class=\"flex_column av_one_fifth  flex_column_div av-zero-column-padding   avia-builder-el-11  el_after_av_three_fifth  avia-builder-el-last  \" style='border-radius:0px; '><\/div><div id='av-masonry-1' class='av-masonry  noHover av-fixed-size av-large-gap av-hover-overlay- av-masonry-animation-active av-masonry-col-4 av-caption-always av-caption-style- av-masonry-gallery     '  ><div class='av-masonry-container isotope av-js-disabled ' ><div class='av-masonry-entry isotope-item av-masonry-item-no-image '><\/div><a href=\"https:\/\/jro-transport.se\/wp-content\/uploads\/2023\/02\/transport10.jpg\"  aria-label=\"immagine transport10\"  id='av-masonry-1-item-1824' data-av-masonry-item='1824' class='av-masonry-entry isotope-item post-1824 attachment type-attachment status-inherit hentry  av-masonry-item-with-image av-grid-img' title=\"transport10\" alt=\"\"   itemprop=\"thumbnailUrl\" ><div class='av-inner-masonry-sizer'><\/div><figure class='av-inner-masonry main_color'><div class=\"av-masonry-outerimage-container\"><div class=\"av-masonry-image-container\" style=\"background-image: url(https:\/\/jro-transport.se\/wp-content\/uploads\/2023\/02\/transport10-705x529.jpg);\" title=\"transport10\" ><\/div><\/div><\/figure><\/a><!--end av-masonry entry--><a href=\"https:\/\/jro-transport.se\/wp-content\/uploads\/2021\/11\/DSC_0516-1030x773.jpg\"  aria-label=\"immagine DSC_0516\"  id='av-masonry-1-item-1800' data-av-masonry-item='1800' class='av-masonry-entry isotope-item post-1800 attachment type-attachment status-inherit hentry  av-masonry-item-with-image av-grid-img' title=\"DSC_0516\" alt=\"\"   itemprop=\"thumbnailUrl\" ><div class='av-inner-masonry-sizer'><\/div><figure class='av-inner-masonry main_color'><div class=\"av-masonry-outerimage-container\"><div class=\"av-masonry-image-container\" style=\"background-image: url(https:\/\/jro-transport.se\/wp-content\/uploads\/2021\/11\/DSC_0516-705x529.jpg);\" title=\"DSC_0516\" ><\/div><\/div><\/figure><\/a><!--end av-masonry entry--><a href=\"https:\/\/jro-transport.se\/wp-content\/uploads\/2021\/11\/122763491_1060247641072494_6528363236187963572_n.jpg\"  aria-label=\"immagine immagine senza titolo\"  id='av-masonry-1-item-1752' data-av-masonry-item='1752' class='av-masonry-entry isotope-item post-1752 attachment type-attachment status-inherit hentry  av-masonry-item-with-image av-grid-img' title=\"\" alt=\"\"   itemprop=\"thumbnailUrl\" ><div class='av-inner-masonry-sizer'><\/div><figure class='av-inner-masonry main_color'><div class=\"av-masonry-outerimage-container\"><div class=\"av-masonry-image-container\" style=\"background-image: url(https:\/\/jro-transport.se\/wp-content\/uploads\/2021\/11\/122763491_1060247641072494_6528363236187963572_n-705x529.jpg);\"><\/div><\/div><\/figure><\/a><!--end av-masonry entry--><a href=\"https:\/\/jro-transport.se\/wp-content\/uploads\/2021\/11\/38544435_518897398540857_6304941600308985856_n.jpg\"  aria-label=\"immagine immagine senza titolo\"  id='av-masonry-1-item-1755' data-av-masonry-item='1755' class='av-masonry-entry isotope-item post-1755 attachment type-attachment status-inherit hentry  av-masonry-item-with-image av-grid-img' title=\"\" alt=\"\"   itemprop=\"thumbnailUrl\" ><div class='av-inner-masonry-sizer'><\/div><figure class='av-inner-masonry main_color'><div class=\"av-masonry-outerimage-container\"><div class=\"av-masonry-image-container\" style=\"background-image: url(https:\/\/jro-transport.se\/wp-content\/uploads\/2021\/11\/38544435_518897398540857_6304941600308985856_n-705x529.jpg);\"><\/div><\/div><\/figure><\/a><!--end av-masonry entry--><a href=\"https:\/\/jro-transport.se\/wp-content\/uploads\/2021\/11\/1000014556-1030x773.jpg\"  aria-label=\"immagine 1000014556\"  id='av-masonry-1-item-1872' data-av-masonry-item='1872' class='av-masonry-entry isotope-item post-1872 attachment type-attachment status-inherit hentry  av-masonry-item-with-image av-grid-img' title=\"1000014556\" alt=\"\"   itemprop=\"thumbnailUrl\" ><div class='av-inner-masonry-sizer'><\/div><figure class='av-inner-masonry main_color'><div class=\"av-masonry-outerimage-container\"><div class=\"av-masonry-image-container\" style=\"background-image: url(https:\/\/jro-transport.se\/wp-content\/uploads\/2021\/11\/1000014556-705x529.jpg);\" title=\"1000014556\" ><\/div><\/div><\/figure><\/a><!--end av-masonry entry--><a href=\"https:\/\/jro-transport.se\/wp-content\/uploads\/2021\/11\/176311903_1179440332486557_6900862103867416391_n.jpg\"  aria-label=\"immagine immagine senza titolo\"  id='av-masonry-1-item-1758' data-av-masonry-item='1758' class='av-masonry-entry isotope-item post-1758 attachment type-attachment status-inherit hentry  av-masonry-item-with-image av-grid-img' title=\"\" alt=\"\"   itemprop=\"thumbnailUrl\" ><div class='av-inner-masonry-sizer'><\/div><figure class='av-inner-masonry main_color'><div class=\"av-masonry-outerimage-container\"><div class=\"av-masonry-image-container\" style=\"background-image: url(https:\/\/jro-transport.se\/wp-content\/uploads\/2021\/11\/176311903_1179440332486557_6900862103867416391_n-705x529.jpg);\"><\/div><\/div><\/figure><\/a><!--end av-masonry entry--><a href=\"https:\/\/jro-transport.se\/wp-content\/uploads\/2021\/11\/238221361_1255122921584964_5936670137545645584_n.jpg\"  aria-label=\"immagine immagine senza titolo\"  id='av-masonry-1-item-1761' data-av-masonry-item='1761' class='av-masonry-entry isotope-item post-1761 attachment type-attachment status-inherit hentry  av-masonry-item-with-image av-grid-img' title=\"\" alt=\"\"   itemprop=\"thumbnailUrl\" ><div class='av-inner-masonry-sizer'><\/div><figure class='av-inner-masonry main_color'><div class=\"av-masonry-outerimage-container\"><div class=\"av-masonry-image-container\" style=\"background-image: url(https:\/\/jro-transport.se\/wp-content\/uploads\/2021\/11\/238221361_1255122921584964_5936670137545645584_n-705x529.jpg);\"><\/div><\/div><\/figure><\/a><!--end av-masonry entry--><a href=\"https:\/\/jro-transport.se\/wp-content\/uploads\/2021\/11\/DSC_0517-1030x773.jpg\"  aria-label=\"immagine DSC_0517\"  id='av-masonry-1-item-1794' data-av-masonry-item='1794' class='av-masonry-entry isotope-item post-1794 attachment type-attachment status-inherit hentry  av-masonry-item-with-image av-grid-img' title=\"DSC_0517\" alt=\"\"   itemprop=\"thumbnailUrl\" ><div class='av-inner-masonry-sizer'><\/div><figure class='av-inner-masonry main_color'><div class=\"av-masonry-outerimage-container\"><div class=\"av-masonry-image-container\" style=\"background-image: url(https:\/\/jro-transport.se\/wp-content\/uploads\/2021\/11\/DSC_0517-705x529.jpg);\" title=\"DSC_0517\" ><\/div><\/div><\/figure><\/a><!--end av-masonry entry--><\/div><\/div><\/p>\n","protected":false},"excerpt":{"rendered":"","protected":false},"author":1,"featured_media":2494,"parent":0,"menu_order":0,"comment_status":"closed","ping_status":"closed","template":"","meta":{"footnotes":""},"yoast_head":"<!-- This site is optimized with the Yoast SEO plugin v21.1 - https:\/\/yoast.com\/wordpress\/plugins\/seo\/ -->\n<title>Trasporti Svezia - Danimarca | J.R.O. Transport &amp; Service AB<\/title>\n<meta name=\"description\" content=\"Hai merci che necessitano di essere trasportate in Danimarca? Nessun problema: ci pensiamo noi! Soluzioni di trasporto flessibili in arrivo.\" \/>\n<meta name=\"robots\" content=\"index, follow, max-snippet:-1, max-image-preview:large, max-video-preview:-1\" \/>\n<link rel=\"canonical\" href=\"https:\/\/jro-transport.se\/transport-sverige-danmark\/\" \/>\n<meta property=\"og:locale\" content=\"it_IT\" \/>\n<meta property=\"og:type\" content=\"article\" \/>\n<meta property=\"og:title\" content=\"Trasporti Svezia - Danimarca | J.R.O. Transport &amp; Service AB\" \/>\n<meta property=\"og:description\" content=\"Hai merci che necessitano di essere trasportate in Danimarca? Nessun problema: ci pensiamo noi! Soluzioni di trasporto flessibili in arrivo.\" \/>\n<meta property=\"og:url\" content=\"https:\/\/jro-transport.se\/transport-sverige-danmark\/\" \/>\n<meta property=\"og:site_name\" content=\"J.R.O. Transport &amp; Service AB\" \/>\n<meta property=\"article:modified_time\" content=\"2024-07-08T08:53:44+00:00\" \/>\n<meta property=\"og:image\" content=\"https:\/\/jro-transport.se\/wp-content\/uploads\/2024\/07\/transport-danmark-sverige.png\" \/>\n\t<meta property=\"og:image:width\" content=\"1030\" \/>\n\t<meta property=\"og:image:height\" content=\"1030\" \/>\n\t<meta property=\"og:image:type\" content=\"image\/png\" \/>\n<meta name=\"twitter:card\" content=\"summary_large_image\" \/>\n<meta name=\"twitter:label1\" content=\"Tempo di lettura stimato\" \/>\n\t<meta name=\"twitter:data1\" content=\"9 minuti\" \/>\n<script type=\"application\/ld+json\" class=\"yoast-schema-graph\">{\"@context\":\"https:\/\/schema.org\",\"@graph\":[{\"@type\":[\"WebPage\",\"SearchResultsPage\"],\"@id\":\"https:\/\/jro-transport.se\/transport-sverige-danmark\/\",\"url\":\"https:\/\/jro-transport.se\/transport-sverige-danmark\/\",\"name\":\"Trasporti Svezia - Danimarca | J.R.O. Transport &amp; Service AB\",\"isPartOf\":{\"@id\":\"https:\/\/jro-transport.se\/#website\"},\"datePublished\":\"2024-07-04T08:33:48+00:00\",\"dateModified\":\"2024-07-08T08:53:44+00:00\",\"description\":\"Hai merci che necessitano di essere trasportate in Danimarca? Nessun problema: ci pensiamo noi! Soluzioni di trasporto flessibili in arrivo.\",\"breadcrumb\":{\"@id\":\"https:\/\/jro-transport.se\/transport-sverige-danmark\/#breadcrumb\"},\"inLanguage\":\"it-IT\",\"potentialAction\":[{\"@type\":\"ReadAction\",\"target\":[\"https:\/\/jro-transport.se\/transport-sverige-danmark\/\"]}]},{\"@type\":\"BreadcrumbList\",\"@id\":\"https:\/\/jro-transport.se\/transport-sverige-danmark\/#breadcrumb\",\"itemListElement\":[{\"@type\":\"ListItem\",\"position\":1,\"name\":\"Hem\",\"item\":\"https:\/\/jro-transport.se\/it\/hem\/\"},{\"@type\":\"ListItem\",\"position\":2,\"name\":\"Trasporti Svezia &#8211; Danimarca\"}]},{\"@type\":\"WebSite\",\"@id\":\"https:\/\/jro-transport.se\/#website\",\"url\":\"https:\/\/jro-transport.se\/\",\"name\":\"J.R.O. Transport &amp; Service AB\",\"description\":\"Trygga och s\u00e4kra transporter \u00f6ver Sverige &amp; Europa\",\"publisher\":{\"@id\":\"https:\/\/jro-transport.se\/#organization\"},\"potentialAction\":[{\"@type\":\"SearchAction\",\"target\":{\"@type\":\"EntryPoint\",\"urlTemplate\":\"https:\/\/jro-transport.se\/?s={search_term_string}\"},\"query-input\":\"required name=search_term_string\"}],\"inLanguage\":\"it-IT\"},{\"@type\":\"Organization\",\"@id\":\"https:\/\/jro-transport.se\/#organization\",\"name\":\"J.R.O. Transport & Service\",\"url\":\"https:\/\/jro-transport.se\/\",\"logo\":{\"@type\":\"ImageObject\",\"inLanguage\":\"it-IT\",\"@id\":\"https:\/\/jro-transport.se\/#\/schema\/logo\/image\/\",\"url\":\"https:\/\/jro-transport.se\/wp-content\/uploads\/2021\/10\/jro-transport-logo.png\",\"contentUrl\":\"https:\/\/jro-transport.se\/wp-content\/uploads\/2021\/10\/jro-transport-logo.png\",\"width\":120,\"height\":67,\"caption\":\"J.R.O. Transport & Service\"},\"image\":{\"@id\":\"https:\/\/jro-transport.se\/#\/schema\/logo\/image\/\"}}]}<\/script>\n<!-- \/ Yoast SEO plugin. -->","yoast_head_json":{"title":"Trasporti Svezia - Danimarca | J.R.O. Transport &amp; Service AB","description":"Hai merci che necessitano di essere trasportate in Danimarca? Nessun problema: ci pensiamo noi! Soluzioni di trasporto flessibili in arrivo.","robots":{"index":"index","follow":"follow","max-snippet":"max-snippet:-1","max-image-preview":"max-image-preview:large","max-video-preview":"max-video-preview:-1"},"canonical":"https:\/\/jro-transport.se\/transport-sverige-danmark\/","og_locale":"it_IT","og_type":"article","og_title":"Trasporti Svezia - Danimarca | J.R.O. Transport &amp; Service AB","og_description":"Hai merci che necessitano di essere trasportate in Danimarca? Nessun problema: ci pensiamo noi! Soluzioni di trasporto flessibili in arrivo.","og_url":"https:\/\/jro-transport.se\/transport-sverige-danmark\/","og_site_name":"J.R.O. Transport &amp; Service AB","article_modified_time":"2024-07-08T08:53:44+00:00","og_image":[{"width":1030,"height":1030,"url":"https:\/\/jro-transport.se\/wp-content\/uploads\/2024\/07\/transport-danmark-sverige.png","type":"image\/png"}],"twitter_card":"summary_large_image","twitter_misc":{"Tempo di lettura stimato":"9 minuti"},"schema":{"@context":"https:\/\/schema.org","@graph":[{"@type":["WebPage","SearchResultsPage"],"@id":"https:\/\/jro-transport.se\/transport-sverige-danmark\/","url":"https:\/\/jro-transport.se\/transport-sverige-danmark\/","name":"Trasporti Svezia - Danimarca | J.R.O. Transport &amp; Service AB","isPartOf":{"@id":"https:\/\/jro-transport.se\/#website"},"datePublished":"2024-07-04T08:33:48+00:00","dateModified":"2024-07-08T08:53:44+00:00","description":"Hai merci che necessitano di essere trasportate in Danimarca? Nessun problema: ci pensiamo noi! Soluzioni di trasporto flessibili in arrivo.","breadcrumb":{"@id":"https:\/\/jro-transport.se\/transport-sverige-danmark\/#breadcrumb"},"inLanguage":"it-IT","potentialAction":[{"@type":"ReadAction","target":["https:\/\/jro-transport.se\/transport-sverige-danmark\/"]}]},{"@type":"BreadcrumbList","@id":"https:\/\/jro-transport.se\/transport-sverige-danmark\/#breadcrumb","itemListElement":[{"@type":"ListItem","position":1,"name":"Hem","item":"https:\/\/jro-transport.se\/it\/hem\/"},{"@type":"ListItem","position":2,"name":"Trasporti Svezia &#8211; Danimarca"}]},{"@type":"WebSite","@id":"https:\/\/jro-transport.se\/#website","url":"https:\/\/jro-transport.se\/","name":"J.R.O. Transport &amp; Service AB","description":"Trygga och s\u00e4kra transporter \u00f6ver Sverige &amp; Europa","publisher":{"@id":"https:\/\/jro-transport.se\/#organization"},"potentialAction":[{"@type":"SearchAction","target":{"@type":"EntryPoint","urlTemplate":"https:\/\/jro-transport.se\/?s={search_term_string}"},"query-input":"required name=search_term_string"}],"inLanguage":"it-IT"},{"@type":"Organization","@id":"https:\/\/jro-transport.se\/#organization","name":"J.R.O. Transport & Service","url":"https:\/\/jro-transport.se\/","logo":{"@type":"ImageObject","inLanguage":"it-IT","@id":"https:\/\/jro-transport.se\/#\/schema\/logo\/image\/","url":"https:\/\/jro-transport.se\/wp-content\/uploads\/2021\/10\/jro-transport-logo.png","contentUrl":"https:\/\/jro-transport.se\/wp-content\/uploads\/2021\/10\/jro-transport-logo.png","width":120,"height":67,"caption":"J.R.O. Transport & Service"},"image":{"@id":"https:\/\/jro-transport.se\/#\/schema\/logo\/image\/"}}]}},"_links":{"self":[{"href":"https:\/\/jro-transport.se\/it\/wp-json\/wp\/v2\/pages\/2661"}],"collection":[{"href":"https:\/\/jro-transport.se\/it\/wp-json\/wp\/v2\/pages"}],"about":[{"href":"https:\/\/jro-transport.se\/it\/wp-json\/wp\/v2\/types\/page"}],"author":[{"embeddable":true,"href":"https:\/\/jro-transport.se\/it\/wp-json\/wp\/v2\/users\/1"}],"replies":[{"embeddable":true,"href":"https:\/\/jro-transport.se\/it\/wp-json\/wp\/v2\/comments?post=2661"}],"version-history":[{"count":2,"href":"https:\/\/jro-transport.se\/it\/wp-json\/wp\/v2\/pages\/2661\/revisions"}],"predecessor-version":[{"id":2663,"href":"https:\/\/jro-transport.se\/it\/wp-json\/wp\/v2\/pages\/2661\/revisions\/2663"}],"wp:featuredmedia":[{"embeddable":true,"href":"https:\/\/jro-transport.se\/it\/wp-json\/wp\/v2\/media\/2494"}],"wp:attachment":[{"href":"https:\/\/jro-transport.se\/it\/wp-json\/wp\/v2\/media?parent=2661"}],"curies":[{"name":"wp","href":"https:\/\/api.w.org\/{rel}","templated":true}]}}