{"id":1965,"date":"2021-10-25T09:36:50","date_gmt":"2021-10-25T07:36:50","guid":{"rendered":"https:\/\/jro-transport.se\/om-oss\/"},"modified":"2024-06-17T13:57:39","modified_gmt":"2024-06-17T11:57:39","slug":"chi-siamo","status":"publish","type":"page","link":"https:\/\/jro-transport.se\/it\/chi-siamo\/","title":{"rendered":"Chi siamo"},"content":{"rendered":"<div id='full_slider_1'  class='avia-fullwidth-slider main_color avia-shadow  av-small-hide av-mini-hide  avia-builder-el-0  el_before_av_slideshow_full  avia-builder-el-first   container_wrap fullsize' style=' '  ><div   data-size='featured'  data-lightbox_size='large'  data-animation='slide'  data-conditional_play=''  data-ids='331'  data-video_counter='0'  data-autoplay='false'  data-bg_slider='false'  data-slide_height=''  data-handle='av_slideshow_full'  data-interval='5'  data-class=' '  data-el_id=''  data-css_id=''  data-scroll_down=''  data-control_layout='av-control-default'  data-custom_markup=''  data-perma_caption=''  data-autoplay_stopper=''  data-image_attachment=''  data-min_height='450px'  data-lazy_loading='disabled'  data-src=''  data-position='top left'  data-repeat='no-repeat'  data-attach='scroll'  data-stretch=''  data-default-height='22.395833333333'  class='avia-slideshow avia-slideshow-1  av-control-default av-default-height-applied avia-slideshow-featured av_slideshow_full   avia-slide-slider '  itemprop=\"image\" itemscope=\"itemscope\" itemtype=\"https:\/\/schema.org\/ImageObject\" ><ul class='avia-slideshow-inner ' style='padding-bottom: 22.395833333333%;' ><li  class=' av-single-slide slide-1 ' ><div data-rel='slideshow-1' class='avia-slide-wrap '   ><img decoding=\"async\" class=\"wp-image-1731 avia-img-lazy-loading-not-1731\"  src=\"https:\/\/jro-transport.se\/wp-content\/uploads\/2021\/11\/DSC_0241-1920x430.jpg\" width=\"1920\" height=\"430\" title='' alt=''  itemprop=\"thumbnailUrl\"  style='min-height:450px; min-width:2010px; ' \/><\/div><\/li><\/ul><\/div><\/div>\n<div id='full_slider_2'  class='avia-fullwidth-slider main_color avia-shadow  av-desktop-hide av-medium-hide  avia-builder-el-1  el_after_av_slideshow_full  el_before_av_section   slider-not-first container_wrap fullsize' style=' '  ><div   data-size='large'  data-lightbox_size='large'  data-animation='slide'  data-conditional_play=''  data-ids='331'  data-video_counter='0'  data-autoplay='false'  data-bg_slider='false'  data-slide_height=''  data-handle='av_slideshow_full'  data-interval='5'  data-class=' '  data-el_id=''  data-css_id=''  data-scroll_down=''  data-control_layout='av-control-default'  data-custom_markup=''  data-perma_caption=''  data-autoplay_stopper=''  data-image_attachment=''  data-min_height='300px'  data-lazy_loading='disabled'  data-src=''  data-position='top left'  data-repeat='no-repeat'  data-attach='scroll'  data-stretch=''  class='avia-slideshow avia-slideshow-2  av-control-default av-default-height-applied avia-slideshow-large av_slideshow_full   avia-slide-slider '  itemprop=\"image\" itemscope=\"itemscope\" itemtype=\"https:\/\/schema.org\/ImageObject\" ><ul class='avia-slideshow-inner ' style='padding-bottom: 75.04854368932%;' ><li  class=' av-single-slide slide-1 ' ><div data-rel='slideshow-2' class='avia-slide-wrap '   ><img decoding=\"async\" class=\"wp-image-1731 avia-img-lazy-loading-not-1731\"  src=\"https:\/\/jro-transport.se\/wp-content\/uploads\/2021\/11\/DSC_0241-1030x773.jpg\" width=\"1030\" height=\"773\" title='' alt=''  itemprop=\"thumbnailUrl\"  style='min-height:300px; min-width:400px; ' srcset=\"https:\/\/jro-transport.se\/wp-content\/uploads\/2021\/11\/DSC_0241-1030x773.jpg 1030w, https:\/\/jro-transport.se\/wp-content\/uploads\/2021\/11\/DSC_0241-300x225.jpg 300w, https:\/\/jro-transport.se\/wp-content\/uploads\/2021\/11\/DSC_0241-768x576.jpg 768w, https:\/\/jro-transport.se\/wp-content\/uploads\/2021\/11\/DSC_0241-1536x1152.jpg 1536w, https:\/\/jro-transport.se\/wp-content\/uploads\/2021\/11\/DSC_0241-1920x1440.jpg 1920w, https:\/\/jro-transport.se\/wp-content\/uploads\/2021\/11\/DSC_0241-705x529.jpg 705w, https:\/\/jro-transport.se\/wp-content\/uploads\/2021\/11\/DSC_0241.jpg 2016w\" sizes=\"(max-width: 1030px) 100vw, 1030px\" \/><\/div><\/li><\/ul><\/div><\/div>\n<div id='av_section_1'  class='avia-section main_color avia-section-default avia-no-border-styling  avia-bg-style-scroll  avia-builder-el-2  el_after_av_slideshow_full  avia-builder-el-last   container_wrap fullsize' style=' '  ><div class='container' ><div class='template-page content  av-content-full alpha units'><div class='post-entry post-entry-type-page post-entry-1965'><div class='entry-content-wrapper clearfix'>\n<div class=\"flex_column av_one_fifth  flex_column_div av-zero-column-padding first  avia-builder-el-3  el_before_av_three_fifth  avia-builder-el-first  \" style='border-radius:0px; '><\/div><div class=\"flex_column av_three_fifth  flex_column_div av-zero-column-padding   avia-builder-el-4  el_after_av_one_fifth  el_before_av_one_fifth  \" style='border-radius:0px; '><p><div  style='padding-bottom:10px; ' class='av-special-heading av-special-heading-h1  blockquote modern-quote modern-centered  avia-builder-el-5  el_before_av_textblock  avia-builder-el-first  '><h1 class='av-special-heading-tag '  itemprop=\"headline\"  >Chi siamo<\/h1><div class='special-heading-border'><div class='special-heading-inner-border' ><\/div><\/div><\/div><br \/>\n<section class=\"av_textblock_section \"  itemscope=\"itemscope\" itemtype=\"https:\/\/schema.org\/CreativeWork\" ><div class='avia_textblock  '   itemprop=\"text\" ><p>J.R.O Transport &amp; Service AB \u00e8 un&#8217;azienda di trasporti con sede a Grebbestad, Bohusl\u00e4n. Abbiamo una vasta esperienza nella realizzazione di trasporti sicuri ed efficienti sia in Svezia che all&#8217;estero.<\/p>\n<p>Dopo\u00a0molti anni nel settore\u00a0J.R.O. Transport &amp; Service \u00e8 oggi un&#8217;affermata e stimata azienda di trasporti che opera in tutta Europa.<\/p>\n<p>Per noi \u00e8 ovvio avere un contatto personale e un feedback costante con i nostri clienti. Per noi \u00e8 importante conoscerti davvero come cliente per poter risolvere al meglio le tue esigenze di trasporto.<\/p>\n<p>Grazie ai nostri autisti esperti e al nostro arsenale di diversi veicoli da trasporto, possiamo svolgere il lavoro che abbiamo intrapreso in modo rapido e semplice: in genere disponiamo sempre di una macchina con autista da utilizzare in caso di necessit\u00e0.<\/p>\n<h3>La nostra visione<\/h3>\n<p>Il nostro obiettivo \u00e8 diventare un fornitore leader di trasporti sul mercato svedese e sviluppare costantemente i nostri servizi.<\/p>\n<p>In questo contesto, abbiamo costruito una distribuzione di successo in Svezia, il che significa che oggi possiamo offrire ai nostri clienti una rete logistica nazionale e internazionale completa.<\/p>\n<h3>La sicurezza \u00e8 A e O<\/h3>\n<p>Nel settore dei trasporti lavoriamo costantemente sotto forte pressione ed \u00e8 quindi importante che i dipendenti dispongano di un ambiente di lavoro il migliore possibile per poter dare il meglio di s\u00e9.<\/p>\n<p>Lavoriamo continuamente con questioni relative all&#8217;ambiente di lavoro, questioni di qualit\u00e0 e valutazioni dei rischi in caso di situazioni di emergenza. Tutto per proteggere la sicurezza dei nostri conducenti, clienti e altri utenti della strada.<\/p>\n<\/div><\/section><\/p><\/div><div class=\"flex_column av_one_fifth  flex_column_div av-zero-column-padding   avia-builder-el-7  el_after_av_three_fifth  avia-builder-el-last  \" style='border-radius:0px; '><\/div>\n","protected":false},"excerpt":{"rendered":"","protected":false},"author":2,"featured_media":1731,"parent":0,"menu_order":0,"comment_status":"closed","ping_status":"closed","template":"","meta":{"footnotes":""},"yoast_head":"<!-- This site is optimized with the Yoast SEO plugin v21.1 - https:\/\/yoast.com\/wordpress\/plugins\/seo\/ -->\n<title>Chi siamo - J.R.O. Transport &amp; Service AB AB<\/title>\n<meta name=\"description\" content=\"J.R.O Transport &amp; Service \u00e4r baserat i Grebbestad, Bohusl\u00e4n. Vi har l\u00e5ng erfarenhet av att genomf\u00f6ra transporter i b\u00e5de\u00a0Sverige och utlandet.\" \/>\n<meta name=\"robots\" content=\"index, follow, max-snippet:-1, max-image-preview:large, max-video-preview:-1\" \/>\n<link rel=\"canonical\" href=\"https:\/\/jro-transport.se\/it\/chi-siamo\/\" \/>\n<meta property=\"og:locale\" content=\"it_IT\" \/>\n<meta property=\"og:type\" content=\"article\" \/>\n<meta property=\"og:title\" content=\"Chi siamo - J.R.O. Transport &amp; Service AB AB\" \/>\n<meta property=\"og:description\" content=\"J.R.O Transport &amp; Service \u00e4r baserat i Grebbestad, Bohusl\u00e4n. Vi har l\u00e5ng erfarenhet av att genomf\u00f6ra transporter i b\u00e5de\u00a0Sverige och utlandet.\" \/>\n<meta property=\"og:url\" content=\"https:\/\/jro-transport.se\/it\/chi-siamo\/\" \/>\n<meta property=\"og:site_name\" content=\"J.R.O. Transport &amp; Service AB\" \/>\n<meta property=\"article:modified_time\" content=\"2024-06-17T11:57:39+00:00\" \/>\n<meta property=\"og:image\" content=\"https:\/\/jro-transport.se\/wp-content\/uploads\/2021\/11\/DSC_0241.jpg\" \/>\n\t<meta property=\"og:image:width\" content=\"2016\" \/>\n\t<meta property=\"og:image:height\" content=\"1512\" \/>\n\t<meta property=\"og:image:type\" content=\"image\/jpeg\" \/>\n<meta name=\"twitter:card\" content=\"summary_large_image\" \/>\n<meta name=\"twitter:label1\" content=\"Tempo di lettura stimato\" \/>\n\t<meta name=\"twitter:data1\" content=\"3 minuti\" \/>\n<script type=\"application\/ld+json\" class=\"yoast-schema-graph\">{\"@context\":\"https:\/\/schema.org\",\"@graph\":[{\"@type\":[\"WebPage\",\"SearchResultsPage\"],\"@id\":\"https:\/\/jro-transport.se\/it\/chi-siamo\/\",\"url\":\"https:\/\/jro-transport.se\/it\/chi-siamo\/\",\"name\":\"Chi siamo - J.R.O. Transport &amp; Service AB AB\",\"isPartOf\":{\"@id\":\"https:\/\/jro-transport.se\/#website\"},\"datePublished\":\"2021-10-25T07:36:50+00:00\",\"dateModified\":\"2024-06-17T11:57:39+00:00\",\"description\":\"J.R.O Transport & Service \u00e4r baserat i Grebbestad, Bohusl\u00e4n. Vi har l\u00e5ng erfarenhet av att genomf\u00f6ra transporter i b\u00e5de\u00a0Sverige och utlandet.\",\"breadcrumb\":{\"@id\":\"https:\/\/jro-transport.se\/it\/chi-siamo\/#breadcrumb\"},\"inLanguage\":\"it-IT\",\"potentialAction\":[{\"@type\":\"ReadAction\",\"target\":[\"https:\/\/jro-transport.se\/it\/chi-siamo\/\"]}]},{\"@type\":\"BreadcrumbList\",\"@id\":\"https:\/\/jro-transport.se\/it\/chi-siamo\/#breadcrumb\",\"itemListElement\":[{\"@type\":\"ListItem\",\"position\":1,\"name\":\"Hem\",\"item\":\"https:\/\/jro-transport.se\/it\/hem\/\"},{\"@type\":\"ListItem\",\"position\":2,\"name\":\"Chi siamo\"}]},{\"@type\":\"WebSite\",\"@id\":\"https:\/\/jro-transport.se\/#website\",\"url\":\"https:\/\/jro-transport.se\/\",\"name\":\"J.R.O. Transport &amp; Service AB\",\"description\":\"Trygga och s\u00e4kra transporter \u00f6ver Sverige &amp; Europa\",\"publisher\":{\"@id\":\"https:\/\/jro-transport.se\/#organization\"},\"potentialAction\":[{\"@type\":\"SearchAction\",\"target\":{\"@type\":\"EntryPoint\",\"urlTemplate\":\"https:\/\/jro-transport.se\/?s={search_term_string}\"},\"query-input\":\"required name=search_term_string\"}],\"inLanguage\":\"it-IT\"},{\"@type\":\"Organization\",\"@id\":\"https:\/\/jro-transport.se\/#organization\",\"name\":\"J.R.O. Transport & Service\",\"url\":\"https:\/\/jro-transport.se\/\",\"logo\":{\"@type\":\"ImageObject\",\"inLanguage\":\"it-IT\",\"@id\":\"https:\/\/jro-transport.se\/#\/schema\/logo\/image\/\",\"url\":\"https:\/\/jro-transport.se\/wp-content\/uploads\/2021\/10\/jro-transport-logo.png\",\"contentUrl\":\"https:\/\/jro-transport.se\/wp-content\/uploads\/2021\/10\/jro-transport-logo.png\",\"width\":120,\"height\":67,\"caption\":\"J.R.O. Transport & Service\"},\"image\":{\"@id\":\"https:\/\/jro-transport.se\/#\/schema\/logo\/image\/\"}}]}<\/script>\n<!-- \/ Yoast SEO plugin. -->","yoast_head_json":{"title":"Chi siamo - J.R.O. Transport &amp; Service AB AB","description":"J.R.O Transport & Service \u00e4r baserat i Grebbestad, Bohusl\u00e4n. Vi har l\u00e5ng erfarenhet av att genomf\u00f6ra transporter i b\u00e5de\u00a0Sverige och utlandet.","robots":{"index":"index","follow":"follow","max-snippet":"max-snippet:-1","max-image-preview":"max-image-preview:large","max-video-preview":"max-video-preview:-1"},"canonical":"https:\/\/jro-transport.se\/it\/chi-siamo\/","og_locale":"it_IT","og_type":"article","og_title":"Chi siamo - J.R.O. Transport &amp; Service AB AB","og_description":"J.R.O Transport & Service \u00e4r baserat i Grebbestad, Bohusl\u00e4n. Vi har l\u00e5ng erfarenhet av att genomf\u00f6ra transporter i b\u00e5de\u00a0Sverige och utlandet.","og_url":"https:\/\/jro-transport.se\/it\/chi-siamo\/","og_site_name":"J.R.O. Transport &amp; Service AB","article_modified_time":"2024-06-17T11:57:39+00:00","og_image":[{"width":2016,"height":1512,"url":"https:\/\/jro-transport.se\/wp-content\/uploads\/2021\/11\/DSC_0241.jpg","type":"image\/jpeg"}],"twitter_card":"summary_large_image","twitter_misc":{"Tempo di lettura stimato":"3 minuti"},"schema":{"@context":"https:\/\/schema.org","@graph":[{"@type":["WebPage","SearchResultsPage"],"@id":"https:\/\/jro-transport.se\/it\/chi-siamo\/","url":"https:\/\/jro-transport.se\/it\/chi-siamo\/","name":"Chi siamo - J.R.O. Transport &amp; Service AB AB","isPartOf":{"@id":"https:\/\/jro-transport.se\/#website"},"datePublished":"2021-10-25T07:36:50+00:00","dateModified":"2024-06-17T11:57:39+00:00","description":"J.R.O Transport & Service \u00e4r baserat i Grebbestad, Bohusl\u00e4n. Vi har l\u00e5ng erfarenhet av att genomf\u00f6ra transporter i b\u00e5de\u00a0Sverige och utlandet.","breadcrumb":{"@id":"https:\/\/jro-transport.se\/it\/chi-siamo\/#breadcrumb"},"inLanguage":"it-IT","potentialAction":[{"@type":"ReadAction","target":["https:\/\/jro-transport.se\/it\/chi-siamo\/"]}]},{"@type":"BreadcrumbList","@id":"https:\/\/jro-transport.se\/it\/chi-siamo\/#breadcrumb","itemListElement":[{"@type":"ListItem","position":1,"name":"Hem","item":"https:\/\/jro-transport.se\/it\/hem\/"},{"@type":"ListItem","position":2,"name":"Chi siamo"}]},{"@type":"WebSite","@id":"https:\/\/jro-transport.se\/#website","url":"https:\/\/jro-transport.se\/","name":"J.R.O. Transport &amp; Service AB","description":"Trygga och s\u00e4kra transporter \u00f6ver Sverige &amp; Europa","publisher":{"@id":"https:\/\/jro-transport.se\/#organization"},"potentialAction":[{"@type":"SearchAction","target":{"@type":"EntryPoint","urlTemplate":"https:\/\/jro-transport.se\/?s={search_term_string}"},"query-input":"required name=search_term_string"}],"inLanguage":"it-IT"},{"@type":"Organization","@id":"https:\/\/jro-transport.se\/#organization","name":"J.R.O. Transport & Service","url":"https:\/\/jro-transport.se\/","logo":{"@type":"ImageObject","inLanguage":"it-IT","@id":"https:\/\/jro-transport.se\/#\/schema\/logo\/image\/","url":"https:\/\/jro-transport.se\/wp-content\/uploads\/2021\/10\/jro-transport-logo.png","contentUrl":"https:\/\/jro-transport.se\/wp-content\/uploads\/2021\/10\/jro-transport-logo.png","width":120,"height":67,"caption":"J.R.O. Transport & Service"},"image":{"@id":"https:\/\/jro-transport.se\/#\/schema\/logo\/image\/"}}]}},"_links":{"self":[{"href":"https:\/\/jro-transport.se\/it\/wp-json\/wp\/v2\/pages\/1965"}],"collection":[{"href":"https:\/\/jro-transport.se\/it\/wp-json\/wp\/v2\/pages"}],"about":[{"href":"https:\/\/jro-transport.se\/it\/wp-json\/wp\/v2\/types\/page"}],"author":[{"embeddable":true,"href":"https:\/\/jro-transport.se\/it\/wp-json\/wp\/v2\/users\/2"}],"replies":[{"embeddable":true,"href":"https:\/\/jro-transport.se\/it\/wp-json\/wp\/v2\/comments?post=1965"}],"version-history":[{"count":3,"href":"https:\/\/jro-transport.se\/it\/wp-json\/wp\/v2\/pages\/1965\/revisions"}],"predecessor-version":[{"id":2018,"href":"https:\/\/jro-transport.se\/it\/wp-json\/wp\/v2\/pages\/1965\/revisions\/2018"}],"wp:featuredmedia":[{"embeddable":true,"href":"https:\/\/jro-transport.se\/it\/wp-json\/wp\/v2\/media\/1731"}],"wp:attachment":[{"href":"https:\/\/jro-transport.se\/it\/wp-json\/wp\/v2\/media?parent=1965"}],"curies":[{"name":"wp","href":"https:\/\/api.w.org\/{rel}","templated":true}]}}