{"id":2658,"date":"2024-07-04T10:33:48","date_gmt":"2024-07-04T08:33:48","guid":{"rendered":"https:\/\/jro-transport.se\/transport-schweden-daenemark\/"},"modified":"2024-07-08T10:49:55","modified_gmt":"2024-07-08T08:49:55","slug":"transport-schweden-daenemark","status":"publish","type":"page","link":"https:\/\/jro-transport.se\/de\/transport-schweden-daenemark\/","title":{"rendered":"Transport Schweden &#8211; D\u00e4nemark"},"content":{"rendered":"<div id='full_slider_1'  class='avia-fullwidth-slider main_color avia-shadow  av-small-hide av-mini-hide  avia-builder-el-0  el_before_av_slideshow_full  avia-builder-el-first   container_wrap fullsize' style=' '  ><div   data-size='featured'  data-lightbox_size='large'  data-animation='slide'  data-conditional_play=''  data-ids='2485'  data-video_counter='0'  data-autoplay='false'  data-bg_slider='false'  data-slide_height=''  data-handle='av_slideshow_full'  data-interval='5'  data-class=' '  data-el_id=''  data-css_id=''  data-scroll_down=''  data-control_layout='av-control-default'  data-custom_markup=''  data-perma_caption=''  data-autoplay_stopper=''  data-image_attachment=''  data-min_height='450px'  data-lazy_loading='disabled'  data-src=''  data-position='top left'  data-repeat='no-repeat'  data-attach='scroll'  data-stretch=''  data-default-height='22.395833333333'  class='avia-slideshow avia-slideshow-1  av-control-default av-default-height-applied avia-slideshow-featured av_slideshow_full   avia-slide-slider '  itemprop=\"image\" itemscope=\"itemscope\" itemtype=\"https:\/\/schema.org\/ImageObject\" ><ul class='avia-slideshow-inner ' style='padding-bottom: 22.395833333333%;' ><li  class=' av-single-slide slide-1 ' ><div data-rel='slideshow-1' class='avia-slide-wrap '   ><img decoding=\"async\" class=\"wp-image-2488 avia-img-lazy-loading-not-2488\"  src=\"https:\/\/jro-transport.se\/wp-content\/uploads\/2024\/07\/transport-sverige-danmark-1920x430.png\" width=\"1920\" height=\"430\" title='transport-sverige-danmark' alt=''  itemprop=\"thumbnailUrl\"  style='min-height:450px; min-width:2010px; ' \/><\/div><\/li><\/ul><\/div><\/div>\n<div id='full_slider_2'  class='avia-fullwidth-slider main_color avia-shadow  av-desktop-hide av-medium-hide  avia-builder-el-1  el_after_av_slideshow_full  el_before_av_section   slider-not-first container_wrap fullsize' style=' '  ><div   data-size='large'  data-lightbox_size='large'  data-animation='slide'  data-conditional_play=''  data-ids='2490'  data-video_counter='0'  data-autoplay='false'  data-bg_slider='false'  data-slide_height=''  data-handle='av_slideshow_full'  data-interval='5'  data-class=' '  data-el_id=''  data-css_id=''  data-scroll_down=''  data-control_layout='av-control-default'  data-custom_markup=''  data-perma_caption=''  data-autoplay_stopper=''  data-image_attachment=''  data-min_height='350px'  data-lazy_loading='disabled'  data-src=''  data-position='top left'  data-repeat='no-repeat'  data-attach='scroll'  data-stretch=''  class='avia-slideshow avia-slideshow-2  av-control-default av-default-height-applied avia-slideshow-large av_slideshow_full   avia-slide-slider '  itemprop=\"image\" itemscope=\"itemscope\" itemtype=\"https:\/\/schema.org\/ImageObject\" ><ul class='avia-slideshow-inner ' style='padding-bottom: 100%;' ><li  class=' av-single-slide slide-1 ' ><div data-rel='slideshow-2' class='avia-slide-wrap '   ><img decoding=\"async\" class=\"wp-image-2493 avia-img-lazy-loading-not-2493\"  src=\"https:\/\/jro-transport.se\/wp-content\/uploads\/2024\/07\/transport-danmark-sverige.png\" width=\"1030\" height=\"1030\" title='transport-danmark-sverige' alt='Transport Sverige-Danmark-Sverige'  itemprop=\"thumbnailUrl\"  style='min-height:350px; min-width:351px; ' srcset=\"https:\/\/jro-transport.se\/wp-content\/uploads\/2024\/07\/transport-danmark-sverige.png 1030w, https:\/\/jro-transport.se\/wp-content\/uploads\/2024\/07\/transport-danmark-sverige-300x300.png 300w, https:\/\/jro-transport.se\/wp-content\/uploads\/2024\/07\/transport-danmark-sverige-80x80.png 80w, https:\/\/jro-transport.se\/wp-content\/uploads\/2024\/07\/transport-danmark-sverige-768x768.png 768w, https:\/\/jro-transport.se\/wp-content\/uploads\/2024\/07\/transport-danmark-sverige-36x36.png 36w, https:\/\/jro-transport.se\/wp-content\/uploads\/2024\/07\/transport-danmark-sverige-180x180.png 180w, https:\/\/jro-transport.se\/wp-content\/uploads\/2024\/07\/transport-danmark-sverige-705x705.png 705w\" sizes=\"(max-width: 1030px) 100vw, 1030px\" \/><\/div><\/li><\/ul><\/div><\/div>\n<div id='av_section_1'  class='avia-section main_color avia-section-default avia-no-border-styling  avia-bg-style-scroll  avia-builder-el-2  el_after_av_slideshow_full  el_before_av_masonry_gallery   container_wrap fullsize' style=' '  ><div class='container' ><div class='template-page content  av-content-full alpha units'><div class='post-entry post-entry-type-page post-entry-2658'><div class='entry-content-wrapper clearfix'>\n<div class=\"flex_column av_one_fifth  flex_column_div av-zero-column-padding first  avia-builder-el-3  el_before_av_three_fifth  avia-builder-el-first  \" style='border-radius:0px; '><\/div><div class=\"flex_column av_three_fifth  flex_column_div av-zero-column-padding   avia-builder-el-4  el_after_av_one_fifth  el_before_av_one_fifth  \" style='border-radius:0px; '><p><div  style='padding-bottom:10px; ' class='av-special-heading av-special-heading-h1  blockquote modern-quote modern-centered  avia-builder-el-5  el_before_av_textblock  avia-builder-el-first  '><h1 class='av-special-heading-tag '  itemprop=\"headline\"  >Transport Schweden &#8211; D\u00e4nemark<\/h1><div class='special-heading-border'><div class='special-heading-inner-border' ><\/div><\/div><\/div><br \/>\n<section class=\"av_textblock_section \"  itemscope=\"itemscope\" itemtype=\"https:\/\/schema.org\/CreativeWork\" ><div class='avia_textblock  '   itemprop=\"text\" ><p>Willkommen bei J.R.O. Transport &amp; Service, Ihr Partner f\u00fcr Transporte zwischen Schweden und D\u00e4nemark. Mit uns bekommen Sie Transportl\u00f6sungen auf die Stra\u00dfe, die optimal an Ihre Bed\u00fcrfnisse angepasst sind.<\/p>\n<p>Wir verf\u00fcgen \u00fcber umfangreiche Erfahrung im Transport von Booten, Baumaschinen und anderen Arten gr\u00f6\u00dferer G\u00fcter sowohl innerhalb Schwedens als auch international. Unsere Fahrzeuge fahren normalerweise von Grebbestad an der Westk\u00fcste ab.<\/p>\n<p>Wenn Sie Waren zwischen Schweden und D\u00e4nemark oder umgekehrt transportieren m\u00fcssen, sind wir m\u00f6glicherweise bald bereit, Ihnen zu helfen. Stellen Sie uns gerne Ihre Anfrage!<\/p>\n<\/div><\/section><br \/>\n<div  style='height:30px' class='hr hr-invisible   avia-builder-el-7  el_after_av_textblock  el_before_av_button '><span class='hr-inner ' ><span class='hr-inner-style'><\/span><\/span><\/div><br \/>\n<div  class='avia-button-wrap avia-button-center  avia-builder-el-8  el_after_av_hr  el_before_av_hr ' ><a href='https:\/\/jro-transport.se\/de\/transportforfragan\/'  class='avia-button  avia-color-theme-color   avia-icon_select-no avia-size-small avia-position-center '   ><span class='avia_iconbox_title' >Eine Anfrage stellen<\/span><\/a><\/div><br \/>\n<div  style='height:30px' class='hr hr-invisible   avia-builder-el-9  el_after_av_button  el_before_av_textblock '><span class='hr-inner ' ><span class='hr-inner-style'><\/span><\/span><\/div><br \/>\n<section class=\"av_textblock_section \"  itemscope=\"itemscope\" itemtype=\"https:\/\/schema.org\/CreativeWork\" ><div class='avia_textblock  '   itemprop=\"text\" ><h2>Effiziente Transportl\u00f6sungen zwischen Schweden und D\u00e4nemark<\/h2>\n<p>Wenn Sie einen Transport nach D\u00e4nemark ben\u00f6tigen, k\u00f6nnen Sie sich auf uns verlassen. Wir fahren durch ganz D\u00e4nemark und sorgen daf\u00fcr, dass Ihre Waren sicher und p\u00fcnktlich geliefert werden.<\/p>\n<p>Unsere modernen Fahrzeuge sind f\u00fcr den Transport unterschiedlicher Ladungsarten ausgestattet und unsere erfahrenen Fahrer haben Erfahrung im Transport sowohl empfindlicher als auch schwerer Gegenst\u00e4nde.<\/p>\n<h2>Bootstransport zwischen Schweden und D\u00e4nemark<\/h2>\n<p>Wir verf\u00fcgen \u00fcber umfangreiche Erfahrung im Bootstransport und k\u00f6nnen Boote aller Gr\u00f6\u00dfen bef\u00f6rdern. Unabh\u00e4ngig davon, ob Sie Ihr Boot nach D\u00e4nemark transportieren oder nach Schweden bringen m\u00f6chten, k\u00f6nnen Sie sicher sein, dass Ihre Perle sorgf\u00e4ltig behandelt wird.<\/p>\n<p>Unsere Anh\u00e4nger sind speziell f\u00fcr den Bootstransport konzipiert und wir planen jeden Teil des Transports sorgf\u00e4ltig, um Sch\u00e4den an Ihrem Boot zu vermeiden.<\/p>\n<h2>Transport von Baumaschinen und anderen G\u00fctern<\/h2>\n<p>Neben Booten bieten wir auch den Transport anderer G\u00fcter sowie Baumaschinen wie Bagger und Radlader an. Wir verf\u00fcgen \u00fcber speziell f\u00fcr schwere G\u00fcter angepasste LKWs und Anh\u00e4nger und unsere erfahrenen Fahrer sorgen daf\u00fcr, dass Ihre Ausr\u00fcstung sicher und effizient ihr Ziel erreicht.<\/p>\n<h3>Optimierte Logistik f\u00fcr die Umwelt und Kosteneinsparungen<\/h3>\n<p>Unsere Transporte nach D\u00e4nemark werden sorgf\u00e4ltig geplant, um leere R\u00fcckfahrten nach Schweden zu vermeiden. Durch die Optimierung des Transports und die Nutzung von Hin- und R\u00fcckfahrten k\u00f6nnen wir die Kosten niedrig halten und unsere Umweltbelastung reduzieren, was unsere Dienstleistungen sowohl wirtschaftlich als auch nachhaltig macht.<\/p>\n<h3>Sicherheit und Pr\u00e4zision stehen im Vordergrund<\/h3>\n<p>Beim Transport Ihrer G\u00fcter steht f\u00fcr uns Sicherheit an erster Stelle. Unsere Fahrer werden kontinuierlich geschult, um die neuesten Sicherheitsvorschriften einzuhalten und sind mit allen Herausforderungen vertraut, die w\u00e4hrend des Transports auftreten k\u00f6nnen. Sie k\u00f6nnen darauf vertrauen, dass wir Ihre Waren mit gr\u00f6\u00dfter Sorgfalt behandeln.<\/p>\n<h3>Wir bringen Ihre Waren dorthin, wo Sie wollen \u2013 wann Sie wollen<\/h3>\n<p>Wir bieten flexible Transportl\u00f6sungen, die an Ihre spezifischen Bed\u00fcrfnisse angepasst sind. Ihr Fahrer arbeitet eng mit Ihnen zusammen, um Ihre Anforderungen zu verstehen und einen Transportplan zu entwickeln, der perfekt zu Ihrer Situation passt. Mit unserer Erfahrung und unseren Ressourcen k\u00f6nnen wir alles abwickeln, von kleinen bis hin zu gro\u00dfen Lieferungen.<\/p>\n<h4>Kontaktieren Sie uns, um einen Transport nach D\u00e4nemark zu buchen<\/h4>\n<p>Wenn Sie einen Transport von oder nach D\u00e4nemark ben\u00f6tigen, sind wir das richtige Unternehmen. Wir sind bestrebt, stets qualitativ hochwertige und nachhaltige L\u00f6sungen f\u00fcr Ihren Transport zwischen Schweden und D\u00e4nemark zu liefern.<\/p>\n<p><a href=\"https:\/\/jro-transport.se\/de\/kontakt\/\">Kontaktieren Sie uns<\/a> und erz\u00e4hlen Sie uns ein wenig \u00fcber Ihre Bed\u00fcrfnisse \u2013 wir erstellen Ihnen gerne ein Angebot und einen Zeitplan. Wir freuen uns darauf, Ihnen bei Ihrem Transport nach D\u00e4nemark behilflich zu sein!<\/p>\n<\/div><\/section><\/p><\/div><div class=\"flex_column av_one_fifth  flex_column_div av-zero-column-padding   avia-builder-el-11  el_after_av_three_fifth  avia-builder-el-last  \" style='border-radius:0px; '><\/div><div id='av-masonry-1' class='av-masonry  noHover av-fixed-size av-large-gap av-hover-overlay- av-masonry-animation-active av-masonry-col-4 av-caption-always av-caption-style- av-masonry-gallery     '  ><div class='av-masonry-container isotope av-js-disabled ' ><div class='av-masonry-entry isotope-item av-masonry-item-no-image '><\/div><a href=\"https:\/\/jro-transport.se\/wp-content\/uploads\/2023\/02\/transport10.jpg\"  aria-label=\"image transport10\"  id='av-masonry-1-item-1823' data-av-masonry-item='1823' class='av-masonry-entry isotope-item post-1823 attachment type-attachment status-inherit hentry  av-masonry-item-with-image av-grid-img' title=\"transport10\" alt=\"\"   itemprop=\"thumbnailUrl\" ><div class='av-inner-masonry-sizer'><\/div><figure class='av-inner-masonry main_color'><div class=\"av-masonry-outerimage-container\"><div class=\"av-masonry-image-container\" style=\"background-image: url(https:\/\/jro-transport.se\/wp-content\/uploads\/2023\/02\/transport10-705x529.jpg);\" title=\"transport10\" ><\/div><\/div><\/figure><\/a><!--end av-masonry entry--><a href=\"https:\/\/jro-transport.se\/wp-content\/uploads\/2021\/11\/DSC_0516-1030x773.jpg\"  aria-label=\"image DSC_0516\"  id='av-masonry-1-item-1799' data-av-masonry-item='1799' class='av-masonry-entry isotope-item post-1799 attachment type-attachment status-inherit hentry  av-masonry-item-with-image av-grid-img' title=\"DSC_0516\" alt=\"\"   itemprop=\"thumbnailUrl\" ><div class='av-inner-masonry-sizer'><\/div><figure class='av-inner-masonry main_color'><div class=\"av-masonry-outerimage-container\"><div class=\"av-masonry-image-container\" style=\"background-image: url(https:\/\/jro-transport.se\/wp-content\/uploads\/2021\/11\/DSC_0516-705x529.jpg);\" title=\"DSC_0516\" ><\/div><\/div><\/figure><\/a><!--end av-masonry entry--><a href=\"https:\/\/jro-transport.se\/wp-content\/uploads\/2021\/11\/122763491_1060247641072494_6528363236187963572_n.jpg\"  aria-label=\"image image with no title\"  id='av-masonry-1-item-1751' data-av-masonry-item='1751' class='av-masonry-entry isotope-item post-1751 attachment type-attachment status-inherit hentry  av-masonry-item-with-image av-grid-img' title=\"\" alt=\"\"   itemprop=\"thumbnailUrl\" ><div class='av-inner-masonry-sizer'><\/div><figure class='av-inner-masonry main_color'><div class=\"av-masonry-outerimage-container\"><div class=\"av-masonry-image-container\" style=\"background-image: url(https:\/\/jro-transport.se\/wp-content\/uploads\/2021\/11\/122763491_1060247641072494_6528363236187963572_n-705x529.jpg);\"><\/div><\/div><\/figure><\/a><!--end av-masonry entry--><a href=\"https:\/\/jro-transport.se\/wp-content\/uploads\/2021\/11\/38544435_518897398540857_6304941600308985856_n.jpg\"  aria-label=\"image image with no title\"  id='av-masonry-1-item-1754' data-av-masonry-item='1754' class='av-masonry-entry isotope-item post-1754 attachment type-attachment status-inherit hentry  av-masonry-item-with-image av-grid-img' title=\"\" alt=\"\"   itemprop=\"thumbnailUrl\" ><div class='av-inner-masonry-sizer'><\/div><figure class='av-inner-masonry main_color'><div class=\"av-masonry-outerimage-container\"><div class=\"av-masonry-image-container\" style=\"background-image: url(https:\/\/jro-transport.se\/wp-content\/uploads\/2021\/11\/38544435_518897398540857_6304941600308985856_n-705x529.jpg);\"><\/div><\/div><\/figure><\/a><!--end av-masonry entry--><a href=\"https:\/\/jro-transport.se\/wp-content\/uploads\/2021\/11\/1000014556-1030x773.jpg\"  aria-label=\"image 1000014556\"  id='av-masonry-1-item-1871' data-av-masonry-item='1871' class='av-masonry-entry isotope-item post-1871 attachment type-attachment status-inherit hentry  av-masonry-item-with-image av-grid-img' title=\"1000014556\" alt=\"\"   itemprop=\"thumbnailUrl\" ><div class='av-inner-masonry-sizer'><\/div><figure class='av-inner-masonry main_color'><div class=\"av-masonry-outerimage-container\"><div class=\"av-masonry-image-container\" style=\"background-image: url(https:\/\/jro-transport.se\/wp-content\/uploads\/2021\/11\/1000014556-705x529.jpg);\" title=\"1000014556\" ><\/div><\/div><\/figure><\/a><!--end av-masonry entry--><a href=\"https:\/\/jro-transport.se\/wp-content\/uploads\/2021\/11\/176311903_1179440332486557_6900862103867416391_n.jpg\"  aria-label=\"image image with no title\"  id='av-masonry-1-item-1757' data-av-masonry-item='1757' class='av-masonry-entry isotope-item post-1757 attachment type-attachment status-inherit hentry  av-masonry-item-with-image av-grid-img' title=\"\" alt=\"\"   itemprop=\"thumbnailUrl\" ><div class='av-inner-masonry-sizer'><\/div><figure class='av-inner-masonry main_color'><div class=\"av-masonry-outerimage-container\"><div class=\"av-masonry-image-container\" style=\"background-image: url(https:\/\/jro-transport.se\/wp-content\/uploads\/2021\/11\/176311903_1179440332486557_6900862103867416391_n-705x529.jpg);\"><\/div><\/div><\/figure><\/a><!--end av-masonry entry--><a href=\"https:\/\/jro-transport.se\/wp-content\/uploads\/2021\/11\/238221361_1255122921584964_5936670137545645584_n.jpg\"  aria-label=\"image image with no title\"  id='av-masonry-1-item-1760' data-av-masonry-item='1760' class='av-masonry-entry isotope-item post-1760 attachment type-attachment status-inherit hentry  av-masonry-item-with-image av-grid-img' title=\"\" alt=\"\"   itemprop=\"thumbnailUrl\" ><div class='av-inner-masonry-sizer'><\/div><figure class='av-inner-masonry main_color'><div class=\"av-masonry-outerimage-container\"><div class=\"av-masonry-image-container\" style=\"background-image: url(https:\/\/jro-transport.se\/wp-content\/uploads\/2021\/11\/238221361_1255122921584964_5936670137545645584_n-705x529.jpg);\"><\/div><\/div><\/figure><\/a><!--end av-masonry entry--><a href=\"https:\/\/jro-transport.se\/wp-content\/uploads\/2021\/11\/DSC_0517-1030x773.jpg\"  aria-label=\"image DSC_0517\"  id='av-masonry-1-item-1793' data-av-masonry-item='1793' class='av-masonry-entry isotope-item post-1793 attachment type-attachment status-inherit hentry  av-masonry-item-with-image av-grid-img' title=\"DSC_0517\" alt=\"\"   itemprop=\"thumbnailUrl\" ><div class='av-inner-masonry-sizer'><\/div><figure class='av-inner-masonry main_color'><div class=\"av-masonry-outerimage-container\"><div class=\"av-masonry-image-container\" style=\"background-image: url(https:\/\/jro-transport.se\/wp-content\/uploads\/2021\/11\/DSC_0517-705x529.jpg);\" title=\"DSC_0517\" ><\/div><\/div><\/figure><\/a><!--end av-masonry entry--><\/div><\/div><\/p>\n","protected":false},"excerpt":{"rendered":"","protected":false},"author":1,"featured_media":2493,"parent":0,"menu_order":0,"comment_status":"closed","ping_status":"closed","template":"","meta":{"footnotes":""},"yoast_head":"<!-- This site is optimized with the Yoast SEO plugin v21.1 - https:\/\/yoast.com\/wordpress\/plugins\/seo\/ -->\n<title>Transport Schweden - D\u00e4nemark | J.R.O. Transport &amp; Service AB<\/title>\n<meta name=\"description\" content=\"Haben Sie Waren, die nach D\u00e4nemark transportiert werden m\u00fcssen? Kein Problem \u2013 wir k\u00fcmmern uns darum! Flexible Transportl\u00f6sungen f\u00fcr unterwegs.\" \/>\n<meta name=\"robots\" content=\"index, follow, max-snippet:-1, max-image-preview:large, max-video-preview:-1\" \/>\n<link rel=\"canonical\" href=\"https:\/\/jro-transport.se\/transport-sverige-danmark\/\" \/>\n<meta property=\"og:locale\" content=\"de_DE\" \/>\n<meta property=\"og:type\" content=\"article\" \/>\n<meta property=\"og:title\" content=\"Transport Schweden - D\u00e4nemark | J.R.O. Transport &amp; Service AB\" \/>\n<meta property=\"og:description\" content=\"Haben Sie Waren, die nach D\u00e4nemark transportiert werden m\u00fcssen? Kein Problem \u2013 wir k\u00fcmmern uns darum! Flexible Transportl\u00f6sungen f\u00fcr unterwegs.\" \/>\n<meta property=\"og:url\" content=\"https:\/\/jro-transport.se\/transport-sverige-danmark\/\" \/>\n<meta property=\"og:site_name\" content=\"J.R.O. Transport &amp; Service AB\" \/>\n<meta property=\"article:modified_time\" content=\"2024-07-08T08:49:55+00:00\" \/>\n<meta property=\"og:image\" content=\"https:\/\/jro-transport.se\/wp-content\/uploads\/2024\/07\/transport-danmark-sverige.png\" \/>\n\t<meta property=\"og:image:width\" content=\"1030\" \/>\n\t<meta property=\"og:image:height\" content=\"1030\" \/>\n\t<meta property=\"og:image:type\" content=\"image\/png\" \/>\n<meta name=\"twitter:card\" content=\"summary_large_image\" \/>\n<meta name=\"twitter:label1\" content=\"Gesch\u00e4tzte Lesezeit\" \/>\n\t<meta name=\"twitter:data1\" content=\"9 Minuten\" \/>\n<script type=\"application\/ld+json\" class=\"yoast-schema-graph\">{\"@context\":\"https:\/\/schema.org\",\"@graph\":[{\"@type\":[\"WebPage\",\"SearchResultsPage\"],\"@id\":\"https:\/\/jro-transport.se\/transport-sverige-danmark\/\",\"url\":\"https:\/\/jro-transport.se\/transport-sverige-danmark\/\",\"name\":\"Transport Schweden - D\u00e4nemark | J.R.O. Transport &amp; Service AB\",\"isPartOf\":{\"@id\":\"https:\/\/jro-transport.se\/#website\"},\"datePublished\":\"2024-07-04T08:33:48+00:00\",\"dateModified\":\"2024-07-08T08:49:55+00:00\",\"description\":\"Haben Sie Waren, die nach D\u00e4nemark transportiert werden m\u00fcssen? Kein Problem \u2013 wir k\u00fcmmern uns darum! Flexible Transportl\u00f6sungen f\u00fcr unterwegs.\",\"breadcrumb\":{\"@id\":\"https:\/\/jro-transport.se\/transport-sverige-danmark\/#breadcrumb\"},\"inLanguage\":\"de-DE\",\"potentialAction\":[{\"@type\":\"ReadAction\",\"target\":[\"https:\/\/jro-transport.se\/transport-sverige-danmark\/\"]}]},{\"@type\":\"BreadcrumbList\",\"@id\":\"https:\/\/jro-transport.se\/transport-sverige-danmark\/#breadcrumb\",\"itemListElement\":[{\"@type\":\"ListItem\",\"position\":1,\"name\":\"Hem\",\"item\":\"https:\/\/jro-transport.se\/de\/hem\/\"},{\"@type\":\"ListItem\",\"position\":2,\"name\":\"Transport Schweden &#8211; D\u00e4nemark\"}]},{\"@type\":\"WebSite\",\"@id\":\"https:\/\/jro-transport.se\/#website\",\"url\":\"https:\/\/jro-transport.se\/\",\"name\":\"J.R.O. Transport &amp; Service AB\",\"description\":\"Trygga och s\u00e4kra transporter \u00f6ver Sverige &amp; Europa\",\"publisher\":{\"@id\":\"https:\/\/jro-transport.se\/#organization\"},\"potentialAction\":[{\"@type\":\"SearchAction\",\"target\":{\"@type\":\"EntryPoint\",\"urlTemplate\":\"https:\/\/jro-transport.se\/?s={search_term_string}\"},\"query-input\":\"required name=search_term_string\"}],\"inLanguage\":\"de-DE\"},{\"@type\":\"Organization\",\"@id\":\"https:\/\/jro-transport.se\/#organization\",\"name\":\"J.R.O. Transport & Service\",\"url\":\"https:\/\/jro-transport.se\/\",\"logo\":{\"@type\":\"ImageObject\",\"inLanguage\":\"de-DE\",\"@id\":\"https:\/\/jro-transport.se\/#\/schema\/logo\/image\/\",\"url\":\"https:\/\/jro-transport.se\/wp-content\/uploads\/2021\/10\/jro-transport-logo.png\",\"contentUrl\":\"https:\/\/jro-transport.se\/wp-content\/uploads\/2021\/10\/jro-transport-logo.png\",\"width\":120,\"height\":67,\"caption\":\"J.R.O. Transport & Service\"},\"image\":{\"@id\":\"https:\/\/jro-transport.se\/#\/schema\/logo\/image\/\"}}]}<\/script>\n<!-- \/ Yoast SEO plugin. -->","yoast_head_json":{"title":"Transport Schweden - D\u00e4nemark | J.R.O. Transport &amp; Service AB","description":"Haben Sie Waren, die nach D\u00e4nemark transportiert werden m\u00fcssen? Kein Problem \u2013 wir k\u00fcmmern uns darum! Flexible Transportl\u00f6sungen f\u00fcr unterwegs.","robots":{"index":"index","follow":"follow","max-snippet":"max-snippet:-1","max-image-preview":"max-image-preview:large","max-video-preview":"max-video-preview:-1"},"canonical":"https:\/\/jro-transport.se\/transport-sverige-danmark\/","og_locale":"de_DE","og_type":"article","og_title":"Transport Schweden - D\u00e4nemark | J.R.O. Transport &amp; Service AB","og_description":"Haben Sie Waren, die nach D\u00e4nemark transportiert werden m\u00fcssen? Kein Problem \u2013 wir k\u00fcmmern uns darum! Flexible Transportl\u00f6sungen f\u00fcr unterwegs.","og_url":"https:\/\/jro-transport.se\/transport-sverige-danmark\/","og_site_name":"J.R.O. Transport &amp; Service AB","article_modified_time":"2024-07-08T08:49:55+00:00","og_image":[{"width":1030,"height":1030,"url":"https:\/\/jro-transport.se\/wp-content\/uploads\/2024\/07\/transport-danmark-sverige.png","type":"image\/png"}],"twitter_card":"summary_large_image","twitter_misc":{"Gesch\u00e4tzte Lesezeit":"9 Minuten"},"schema":{"@context":"https:\/\/schema.org","@graph":[{"@type":["WebPage","SearchResultsPage"],"@id":"https:\/\/jro-transport.se\/transport-sverige-danmark\/","url":"https:\/\/jro-transport.se\/transport-sverige-danmark\/","name":"Transport Schweden - D\u00e4nemark | J.R.O. Transport &amp; Service AB","isPartOf":{"@id":"https:\/\/jro-transport.se\/#website"},"datePublished":"2024-07-04T08:33:48+00:00","dateModified":"2024-07-08T08:49:55+00:00","description":"Haben Sie Waren, die nach D\u00e4nemark transportiert werden m\u00fcssen? Kein Problem \u2013 wir k\u00fcmmern uns darum! Flexible Transportl\u00f6sungen f\u00fcr unterwegs.","breadcrumb":{"@id":"https:\/\/jro-transport.se\/transport-sverige-danmark\/#breadcrumb"},"inLanguage":"de-DE","potentialAction":[{"@type":"ReadAction","target":["https:\/\/jro-transport.se\/transport-sverige-danmark\/"]}]},{"@type":"BreadcrumbList","@id":"https:\/\/jro-transport.se\/transport-sverige-danmark\/#breadcrumb","itemListElement":[{"@type":"ListItem","position":1,"name":"Hem","item":"https:\/\/jro-transport.se\/de\/hem\/"},{"@type":"ListItem","position":2,"name":"Transport Schweden &#8211; D\u00e4nemark"}]},{"@type":"WebSite","@id":"https:\/\/jro-transport.se\/#website","url":"https:\/\/jro-transport.se\/","name":"J.R.O. Transport &amp; Service AB","description":"Trygga och s\u00e4kra transporter \u00f6ver Sverige &amp; Europa","publisher":{"@id":"https:\/\/jro-transport.se\/#organization"},"potentialAction":[{"@type":"SearchAction","target":{"@type":"EntryPoint","urlTemplate":"https:\/\/jro-transport.se\/?s={search_term_string}"},"query-input":"required name=search_term_string"}],"inLanguage":"de-DE"},{"@type":"Organization","@id":"https:\/\/jro-transport.se\/#organization","name":"J.R.O. Transport & Service","url":"https:\/\/jro-transport.se\/","logo":{"@type":"ImageObject","inLanguage":"de-DE","@id":"https:\/\/jro-transport.se\/#\/schema\/logo\/image\/","url":"https:\/\/jro-transport.se\/wp-content\/uploads\/2021\/10\/jro-transport-logo.png","contentUrl":"https:\/\/jro-transport.se\/wp-content\/uploads\/2021\/10\/jro-transport-logo.png","width":120,"height":67,"caption":"J.R.O. Transport & Service"},"image":{"@id":"https:\/\/jro-transport.se\/#\/schema\/logo\/image\/"}}]}},"_links":{"self":[{"href":"https:\/\/jro-transport.se\/de\/wp-json\/wp\/v2\/pages\/2658"}],"collection":[{"href":"https:\/\/jro-transport.se\/de\/wp-json\/wp\/v2\/pages"}],"about":[{"href":"https:\/\/jro-transport.se\/de\/wp-json\/wp\/v2\/types\/page"}],"author":[{"embeddable":true,"href":"https:\/\/jro-transport.se\/de\/wp-json\/wp\/v2\/users\/1"}],"replies":[{"embeddable":true,"href":"https:\/\/jro-transport.se\/de\/wp-json\/wp\/v2\/comments?post=2658"}],"version-history":[{"count":2,"href":"https:\/\/jro-transport.se\/de\/wp-json\/wp\/v2\/pages\/2658\/revisions"}],"predecessor-version":[{"id":2660,"href":"https:\/\/jro-transport.se\/de\/wp-json\/wp\/v2\/pages\/2658\/revisions\/2660"}],"wp:featuredmedia":[{"embeddable":true,"href":"https:\/\/jro-transport.se\/de\/wp-json\/wp\/v2\/media\/2493"}],"wp:attachment":[{"href":"https:\/\/jro-transport.se\/de\/wp-json\/wp\/v2\/media?parent=2658"}],"curies":[{"name":"wp","href":"https:\/\/api.w.org\/{rel}","templated":true}]}}