{"id":2604,"date":"2024-07-04T10:34:20","date_gmt":"2024-07-04T08:34:20","guid":{"rendered":"https:\/\/jro-transport.se\/transport-schweden-deutschland\/"},"modified":"2024-07-08T08:56:11","modified_gmt":"2024-07-08T06:56:11","slug":"transport-schweden-deutschland","status":"publish","type":"page","link":"https:\/\/jro-transport.se\/de\/transport-schweden-deutschland\/","title":{"rendered":"Transport Schweden &#8211; Deutschland"},"content":{"rendered":"<div id='full_slider_1'  class='avia-fullwidth-slider main_color avia-shadow  av-small-hide av-mini-hide  avia-builder-el-0  el_before_av_slideshow_full  avia-builder-el-first   container_wrap fullsize' style=' '  ><div   data-size='featured'  data-lightbox_size='large'  data-animation='slide'  data-conditional_play=''  data-ids='2498'  data-video_counter='0'  data-autoplay='false'  data-bg_slider='false'  data-slide_height=''  data-handle='av_slideshow_full'  data-interval='5'  data-class=' '  data-el_id=''  data-css_id=''  data-scroll_down=''  data-control_layout='av-control-default'  data-custom_markup=''  data-perma_caption=''  data-autoplay_stopper=''  data-image_attachment=''  data-min_height='450px'  data-lazy_loading='disabled'  data-src=''  data-position='top left'  data-repeat='no-repeat'  data-attach='scroll'  data-stretch=''  data-default-height='22.395833333333'  class='avia-slideshow avia-slideshow-1  av-control-default av-default-height-applied avia-slideshow-featured av_slideshow_full   avia-slide-slider '  itemprop=\"image\" itemscope=\"itemscope\" itemtype=\"https:\/\/schema.org\/ImageObject\" ><ul class='avia-slideshow-inner ' style='padding-bottom: 22.395833333333%;' ><li  class=' av-single-slide slide-1 ' ><div data-rel='slideshow-1' class='avia-slide-wrap '   ><img decoding=\"async\" class=\"wp-image-2501 avia-img-lazy-loading-not-2501\"  src=\"https:\/\/jro-transport.se\/wp-content\/uploads\/2024\/07\/transport-sverige-tyskland-1920x430.png\" width=\"1920\" height=\"430\" title='transport-sverige-tyskland' alt=''  itemprop=\"thumbnailUrl\"  style='min-height:450px; min-width:2010px; ' \/><\/div><\/li><\/ul><\/div><\/div>\n<div id='full_slider_2'  class='avia-fullwidth-slider main_color avia-shadow  av-desktop-hide av-medium-hide  avia-builder-el-1  el_after_av_slideshow_full  el_before_av_section   slider-not-first container_wrap fullsize' style=' '  ><div   data-size='large'  data-lightbox_size='large'  data-animation='slide'  data-conditional_play=''  data-ids='2503'  data-video_counter='0'  data-autoplay='false'  data-bg_slider='false'  data-slide_height=''  data-handle='av_slideshow_full'  data-interval='5'  data-class=' '  data-el_id=''  data-css_id=''  data-scroll_down=''  data-control_layout='av-control-default'  data-custom_markup=''  data-perma_caption=''  data-autoplay_stopper=''  data-image_attachment=''  data-min_height='350px'  data-lazy_loading='disabled'  data-src=''  data-position='top left'  data-repeat='no-repeat'  data-attach='scroll'  data-stretch=''  class='avia-slideshow avia-slideshow-2  av-control-default av-default-height-applied avia-slideshow-large av_slideshow_full   avia-slide-slider '  itemprop=\"image\" itemscope=\"itemscope\" itemtype=\"https:\/\/schema.org\/ImageObject\" ><ul class='avia-slideshow-inner ' style='padding-bottom: 100%;' ><li  class=' av-single-slide slide-1 ' ><div data-rel='slideshow-2' class='avia-slide-wrap '   ><img decoding=\"async\" class=\"wp-image-2506 avia-img-lazy-loading-not-2506\"  src=\"https:\/\/jro-transport.se\/wp-content\/uploads\/2024\/07\/transport-tyskland-sverige.png\" width=\"1030\" height=\"1030\" title='transport-tyskland-sverige' alt='Transport Sverige - Tyskland'  itemprop=\"thumbnailUrl\"  style='min-height:350px; min-width:351px; ' srcset=\"https:\/\/jro-transport.se\/wp-content\/uploads\/2024\/07\/transport-tyskland-sverige.png 1030w, https:\/\/jro-transport.se\/wp-content\/uploads\/2024\/07\/transport-tyskland-sverige-300x300.png 300w, https:\/\/jro-transport.se\/wp-content\/uploads\/2024\/07\/transport-tyskland-sverige-80x80.png 80w, https:\/\/jro-transport.se\/wp-content\/uploads\/2024\/07\/transport-tyskland-sverige-768x768.png 768w, https:\/\/jro-transport.se\/wp-content\/uploads\/2024\/07\/transport-tyskland-sverige-36x36.png 36w, https:\/\/jro-transport.se\/wp-content\/uploads\/2024\/07\/transport-tyskland-sverige-180x180.png 180w, https:\/\/jro-transport.se\/wp-content\/uploads\/2024\/07\/transport-tyskland-sverige-705x705.png 705w\" sizes=\"(max-width: 1030px) 100vw, 1030px\" \/><\/div><\/li><\/ul><\/div><\/div>\n<div id='av_section_1'  class='avia-section main_color avia-section-default avia-no-border-styling  avia-bg-style-scroll  avia-builder-el-2  el_after_av_slideshow_full  el_before_av_masonry_gallery   container_wrap fullsize' style=' '  ><div class='container' ><div class='template-page content  av-content-full alpha units'><div class='post-entry post-entry-type-page post-entry-2604'><div class='entry-content-wrapper clearfix'>\n<div class=\"flex_column av_one_fifth  flex_column_div av-zero-column-padding first  avia-builder-el-3  el_before_av_three_fifth  avia-builder-el-first  \" style='border-radius:0px; '><\/div><div class=\"flex_column av_three_fifth  flex_column_div av-zero-column-padding   avia-builder-el-4  el_after_av_one_fifth  el_before_av_one_fifth  \" style='border-radius:0px; '><p><div  style='padding-bottom:10px; ' class='av-special-heading av-special-heading-h1  blockquote modern-quote modern-centered  avia-builder-el-5  el_before_av_textblock  avia-builder-el-first  '><h1 class='av-special-heading-tag '  itemprop=\"headline\"  >Transport Sverige &#8211; Tyskland<\/h1><div class='special-heading-border'><div class='special-heading-inner-border' ><\/div><\/div><\/div><br \/>\n<section class=\"av_textblock_section \"  itemscope=\"itemscope\" itemtype=\"https:\/\/schema.org\/CreativeWork\" ><div class='avia_textblock  '   itemprop=\"text\" ><p>Willkommen bei J.R.O. Transport &amp; Service, Ihr Partner f\u00fcr Transporte zwischen Schweden und Deutschland. Wir bieten flexible Transportl\u00f6sungen und k\u00f6nnen die meisten Probleme im Stra\u00dfentransport l\u00f6sen.<\/p>\n<p>Wir sind auf den Transport von Booten, Baumaschinen und anderen G\u00fctern spezialisiert, die innerhalb des Landes oder Europas transportiert werden sollen. Unsere Teams starten normalerweise in Grebbestad an der Westk\u00fcste.<\/p>\n<p>Wenn Sie ein Transportunternehmen f\u00fcr Waren zwischen Schweden und Deutschland \u2013 oder umgekehrt \u2013 ben\u00f6tigen, sind wir nur eine Anfrage entfernt.<\/p>\n<\/div><\/section><br \/>\n<div  style='height:30px' class='hr hr-invisible   avia-builder-el-7  el_after_av_textblock  el_before_av_button '><span class='hr-inner ' ><span class='hr-inner-style'><\/span><\/span><\/div><br \/>\n<div  class='avia-button-wrap avia-button-center  avia-builder-el-8  el_after_av_hr  el_before_av_hr ' ><a href='https:\/\/jro-transport.se\/de\/transportforfragan\/'  class='avia-button  avia-color-theme-color   avia-icon_select-no avia-size-small avia-position-center '   ><span class='avia_iconbox_title' >Eine Anfrage stellen<\/span><\/a><\/div><br \/>\n<div  style='height:30px' class='hr hr-invisible   avia-builder-el-9  el_after_av_button  el_before_av_textblock '><span class='hr-inner ' ><span class='hr-inner-style'><\/span><\/span><\/div><br \/>\n<section class=\"av_textblock_section \"  itemscope=\"itemscope\" itemtype=\"https:\/\/schema.org\/CreativeWork\" ><div class='avia_textblock  '   itemprop=\"text\" ><h2>Flexibler Transport zwischen Schweden und Deutschland<\/h2>\n<p>Wenn Sie einen Transport nach Deutschland ben\u00f6tigen, k\u00f6nnen Sie uns vertrauen. Wir fahren in alle Regionen Deutschlands und sorgen daf\u00fcr, dass Ihre Ware p\u00fcnktlich ankommt.<\/p>\n<p>Unsere modernen Fahrzeuge sind f\u00fcr verschiedene Transportarten ausgestattet und unsere erfahrenen Fahrer sind bestens auf den Umgang mit zerbrechlichen und schweren Ladungen vorbereitet.<\/p>\n<h2>Bootstransport von oder nach Schweden und Deutschland<\/h2>\n<p>Wir verf\u00fcgen \u00fcber umfangreiche Erfahrung im Transport von Booten unterschiedlicher Gr\u00f6\u00dfe. Ganz gleich, ob Sie Ihr Boot nach Deutschland oder zur\u00fcck nach Schweden bringen m\u00fcssen, wir sorgen daf\u00fcr, dass Ihre Perle sicher transportiert wird.<\/p>\n<p>Unsere Anh\u00e4nger sind f\u00fcr den sicheren Transport von Booten geeignet und der Fahrer plant jeden Schritt sorgf\u00e4ltig, um Sch\u00e4den zu vermeiden.<\/p>\n<h2>Transport von Baumaschinen und anderen G\u00fctern<\/h2>\n<p>Neben Booten und anderen G\u00fctern in gr\u00f6\u00dferen Mengen transportieren wir h\u00e4ufig auch Baumaschinen wie schwere Bagger und Radlader. Anschlie\u00dfend fahren wir mit einem LKW oder Anh\u00e4nger und unsere erfahrenen Fahrer sorgen daf\u00fcr, dass Ihre Ausr\u00fcstung sicher und effizient ankommt.<\/p>\n<h3>Optimierte Logistik f\u00fcr Umwelt und Kosten<\/h3>\n<p>Unsere Transporte nach Deutschland werden sorgf\u00e4ltig geplant, um Leerfahrten zur\u00fcck nach Schweden zu vermeiden. Durch die Koordinierung der Transporte und die Nutzung von R\u00fcckfahrten aus Deutschland k\u00f6nnen wir kosteng\u00fcnstige Leistungen anbieten und gleichzeitig unseren \u00f6kologischen Fu\u00dfabdruck reduzieren. Dadurch werden unsere Transporte sowohl erschwinglicher als auch nachhaltiger.<\/p>\n<h3>Sicherheit und Genauigkeit haben f\u00fcr uns stets Priorit\u00e4t<\/h3>\n<p>Die Sicherheit Ihrer Waren hat f\u00fcr uns oberste Priorit\u00e4t. Unsere Fahrer werden regelm\u00e4\u00dfig geschult, um die neuesten Sicherheitsvorschriften einzuhalten. Sie verf\u00fcgen \u00fcber die Erfahrung, eventuell auftretende Probleme schnell zu l\u00f6sen. Was auch immer Sie versenden, Sie k\u00f6nnen darauf vertrauen, dass wir uns bestm\u00f6glich darum k\u00fcmmern.<\/p>\n<h3>Wir bringen Ihre Waren dorthin, wo Sie wollen \u2013 wann Sie wollen<\/h3>\n<p>Wir bieten flexible, an Ihre Bed\u00fcrfnisse angepasste L\u00f6sungen. Unser Team kann Ihre Situation und die spezifischen Bedingungen verstehen und den Transport entsprechend planen. Mit unserer Erfahrung und den im Unternehmen vorhandenen Ressourcen k\u00f6nnen wir die meisten Dinge bew\u00e4ltigen. Einfach fragen!<\/p>\n<h3>Kontaktieren Sie uns, um den Transport nach Deutschland zu buchen<\/h3>\n<p>Wenn Sie einen Transport von oder nach Deutschland ben\u00f6tigen, sind wir f\u00fcr Sie da. Unser Streben nach Qualit\u00e4t und Nachhaltigkeit macht uns zu einem guten Partner f\u00fcr Ihren Transport zwischen Schweden und Deutschland.<\/p>\n<p>Nehmen Sie <a href=\"https:\/\/jro-transport.se\/de\/kontakt\/\">gerne Kontakt zu uns<\/a> auf und schildern Sie uns kurz Ihre W\u00fcnsche \u2013 schon bald erhalten Sie von uns einen Preisvorschlag und einen voraussichtlichen Zeitplan. Wir freuen uns, Sie bei Ihrem Transport nach Deutschland unterst\u00fctzen zu d\u00fcrfen!<\/p>\n<\/div><\/section><\/p><\/div><div class=\"flex_column av_one_fifth  flex_column_div av-zero-column-padding   avia-builder-el-11  el_after_av_three_fifth  avia-builder-el-last  \" style='border-radius:0px; '><\/div><div id='av-masonry-1' class='av-masonry  noHover av-fixed-size av-large-gap av-hover-overlay- av-masonry-animation-active av-masonry-col-4 av-caption-always av-caption-style- av-masonry-gallery     '  ><div class='av-masonry-container isotope av-js-disabled ' ><div class='av-masonry-entry isotope-item av-masonry-item-no-image '><\/div><a href=\"https:\/\/jro-transport.se\/wp-content\/uploads\/2021\/11\/122763491_1060247641072494_6528363236187963572_n.jpg\"  aria-label=\"image image with no title\"  id='av-masonry-1-item-1751' data-av-masonry-item='1751' class='av-masonry-entry isotope-item post-1751 attachment type-attachment status-inherit hentry  av-masonry-item-with-image av-grid-img' title=\"\" alt=\"\"   itemprop=\"thumbnailUrl\" ><div class='av-inner-masonry-sizer'><\/div><figure class='av-inner-masonry main_color'><div class=\"av-masonry-outerimage-container\"><div class=\"av-masonry-image-container\" style=\"background-image: url(https:\/\/jro-transport.se\/wp-content\/uploads\/2021\/11\/122763491_1060247641072494_6528363236187963572_n-705x529.jpg);\"><\/div><\/div><\/figure><\/a><!--end av-masonry entry--><a href=\"https:\/\/jro-transport.se\/wp-content\/uploads\/2023\/02\/transport-munkedal-1030x773.png\"  aria-label=\"image Biltransport Munkedal\"  id='av-masonry-1-item-1847' data-av-masonry-item='1847' class='av-masonry-entry isotope-item post-1847 attachment type-attachment status-inherit hentry  av-masonry-item-with-image av-grid-img' title=\"Biltransport Munkedal\" alt=\"\"   itemprop=\"thumbnailUrl\" ><div class='av-inner-masonry-sizer'><\/div><figure class='av-inner-masonry main_color'><div class=\"av-masonry-outerimage-container\"><div class=\"av-masonry-image-container\" style=\"background-image: url(https:\/\/jro-transport.se\/wp-content\/uploads\/2023\/02\/transport-munkedal-705x529.png);\" title=\"Biltransport Munkedal\" ><\/div><\/div><\/figure><\/a><!--end av-masonry entry--><a href=\"https:\/\/jro-transport.se\/wp-content\/uploads\/2021\/11\/38544435_518897398540857_6304941600308985856_n.jpg\"  aria-label=\"image image with no title\"  id='av-masonry-1-item-1754' data-av-masonry-item='1754' class='av-masonry-entry isotope-item post-1754 attachment type-attachment status-inherit hentry  av-masonry-item-with-image av-grid-img' title=\"\" alt=\"\"   itemprop=\"thumbnailUrl\" ><div class='av-inner-masonry-sizer'><\/div><figure class='av-inner-masonry main_color'><div class=\"av-masonry-outerimage-container\"><div class=\"av-masonry-image-container\" style=\"background-image: url(https:\/\/jro-transport.se\/wp-content\/uploads\/2021\/11\/38544435_518897398540857_6304941600308985856_n-705x529.jpg);\"><\/div><\/div><\/figure><\/a><!--end av-masonry entry--><a href=\"https:\/\/jro-transport.se\/wp-content\/uploads\/2021\/11\/1000014556-1030x773.jpg\"  aria-label=\"image 1000014556\"  id='av-masonry-1-item-1871' data-av-masonry-item='1871' class='av-masonry-entry isotope-item post-1871 attachment type-attachment status-inherit hentry  av-masonry-item-with-image av-grid-img' title=\"1000014556\" alt=\"\"   itemprop=\"thumbnailUrl\" ><div class='av-inner-masonry-sizer'><\/div><figure class='av-inner-masonry main_color'><div class=\"av-masonry-outerimage-container\"><div class=\"av-masonry-image-container\" style=\"background-image: url(https:\/\/jro-transport.se\/wp-content\/uploads\/2021\/11\/1000014556-705x529.jpg);\" title=\"1000014556\" ><\/div><\/div><\/figure><\/a><!--end av-masonry entry--><a href=\"https:\/\/jro-transport.se\/wp-content\/uploads\/2021\/11\/176311903_1179440332486557_6900862103867416391_n.jpg\"  aria-label=\"image image with no title\"  id='av-masonry-1-item-1757' data-av-masonry-item='1757' class='av-masonry-entry isotope-item post-1757 attachment type-attachment status-inherit hentry  av-masonry-item-with-image av-grid-img' title=\"\" alt=\"\"   itemprop=\"thumbnailUrl\" ><div class='av-inner-masonry-sizer'><\/div><figure class='av-inner-masonry main_color'><div class=\"av-masonry-outerimage-container\"><div class=\"av-masonry-image-container\" style=\"background-image: url(https:\/\/jro-transport.se\/wp-content\/uploads\/2021\/11\/176311903_1179440332486557_6900862103867416391_n-705x529.jpg);\"><\/div><\/div><\/figure><\/a><!--end av-masonry entry--><a href=\"https:\/\/jro-transport.se\/wp-content\/uploads\/2021\/11\/238221361_1255122921584964_5936670137545645584_n.jpg\"  aria-label=\"image image with no title\"  id='av-masonry-1-item-1760' data-av-masonry-item='1760' class='av-masonry-entry isotope-item post-1760 attachment type-attachment status-inherit hentry  av-masonry-item-with-image av-grid-img' title=\"\" alt=\"\"   itemprop=\"thumbnailUrl\" ><div class='av-inner-masonry-sizer'><\/div><figure class='av-inner-masonry main_color'><div class=\"av-masonry-outerimage-container\"><div class=\"av-masonry-image-container\" style=\"background-image: url(https:\/\/jro-transport.se\/wp-content\/uploads\/2021\/11\/238221361_1255122921584964_5936670137545645584_n-705x529.jpg);\"><\/div><\/div><\/figure><\/a><!--end av-masonry entry--><a href=\"https:\/\/jro-transport.se\/wp-content\/uploads\/2021\/11\/DSC_0517-1030x773.jpg\"  aria-label=\"image DSC_0517\"  id='av-masonry-1-item-1793' data-av-masonry-item='1793' class='av-masonry-entry isotope-item post-1793 attachment type-attachment status-inherit hentry  av-masonry-item-with-image av-grid-img' title=\"DSC_0517\" alt=\"\"   itemprop=\"thumbnailUrl\" ><div class='av-inner-masonry-sizer'><\/div><figure class='av-inner-masonry main_color'><div class=\"av-masonry-outerimage-container\"><div class=\"av-masonry-image-container\" style=\"background-image: url(https:\/\/jro-transport.se\/wp-content\/uploads\/2021\/11\/DSC_0517-705x529.jpg);\" title=\"DSC_0517\" ><\/div><\/div><\/figure><\/a><!--end av-masonry entry--><a href=\"https:\/\/jro-transport.se\/wp-content\/uploads\/2021\/11\/DSC_0516-1030x773.jpg\"  aria-label=\"image DSC_0516\"  id='av-masonry-1-item-1799' data-av-masonry-item='1799' class='av-masonry-entry isotope-item post-1799 attachment type-attachment status-inherit hentry  av-masonry-item-with-image av-grid-img' title=\"DSC_0516\" alt=\"\"   itemprop=\"thumbnailUrl\" ><div class='av-inner-masonry-sizer'><\/div><figure class='av-inner-masonry main_color'><div class=\"av-masonry-outerimage-container\"><div class=\"av-masonry-image-container\" style=\"background-image: url(https:\/\/jro-transport.se\/wp-content\/uploads\/2021\/11\/DSC_0516-705x529.jpg);\" title=\"DSC_0516\" ><\/div><\/div><\/figure><\/a><!--end av-masonry entry--><\/div><\/div><\/p>\n","protected":false},"excerpt":{"rendered":"","protected":false},"author":1,"featured_media":2506,"parent":0,"menu_order":0,"comment_status":"closed","ping_status":"closed","template":"","meta":{"footnotes":""},"yoast_head":"<!-- This site is optimized with the Yoast SEO plugin v21.1 - https:\/\/yoast.com\/wordpress\/plugins\/seo\/ -->\n<title>Transport Schweden - Deutschland | J.R.O. Transport &amp; Service AB<\/title>\n<meta name=\"description\" content=\"Wenn Sie Waren haben, die zwischen Schweden und Deutschland transportiert werden m\u00fcssen, k\u00f6nnen Sie uns vertrauen. Wir fahren Autos, Boote und andere G\u00fcter auf Anh\u00e4ngern oder LKWs.\" \/>\n<meta name=\"robots\" content=\"index, follow, max-snippet:-1, max-image-preview:large, max-video-preview:-1\" \/>\n<link rel=\"canonical\" href=\"https:\/\/jro-transport.se\/transport-sverige-tyskland\/\" \/>\n<meta property=\"og:locale\" content=\"de_DE\" \/>\n<meta property=\"og:type\" content=\"article\" \/>\n<meta property=\"og:title\" content=\"Transport Schweden - Deutschland | J.R.O. Transport &amp; Service AB\" \/>\n<meta property=\"og:description\" content=\"Wenn Sie Waren haben, die zwischen Schweden und Deutschland transportiert werden m\u00fcssen, k\u00f6nnen Sie uns vertrauen. Wir fahren Autos, Boote und andere G\u00fcter auf Anh\u00e4ngern oder LKWs.\" \/>\n<meta property=\"og:url\" content=\"https:\/\/jro-transport.se\/transport-sverige-tyskland\/\" \/>\n<meta property=\"og:site_name\" content=\"J.R.O. Transport &amp; Service AB\" \/>\n<meta property=\"article:modified_time\" content=\"2024-07-08T06:56:11+00:00\" \/>\n<meta property=\"og:image\" content=\"https:\/\/jro-transport.se\/wp-content\/uploads\/2024\/07\/transport-tyskland-sverige.png\" \/>\n\t<meta property=\"og:image:width\" content=\"1030\" \/>\n\t<meta property=\"og:image:height\" content=\"1030\" \/>\n\t<meta property=\"og:image:type\" content=\"image\/png\" \/>\n<meta name=\"twitter:card\" content=\"summary_large_image\" \/>\n<meta name=\"twitter:label1\" content=\"Gesch\u00e4tzte Lesezeit\" \/>\n\t<meta name=\"twitter:data1\" content=\"9 Minuten\" \/>\n<script type=\"application\/ld+json\" class=\"yoast-schema-graph\">{\"@context\":\"https:\/\/schema.org\",\"@graph\":[{\"@type\":[\"WebPage\",\"SearchResultsPage\"],\"@id\":\"https:\/\/jro-transport.se\/transport-sverige-tyskland\/\",\"url\":\"https:\/\/jro-transport.se\/transport-sverige-tyskland\/\",\"name\":\"Transport Schweden - Deutschland | J.R.O. Transport &amp; Service AB\",\"isPartOf\":{\"@id\":\"https:\/\/jro-transport.se\/#website\"},\"datePublished\":\"2024-07-04T08:34:20+00:00\",\"dateModified\":\"2024-07-08T06:56:11+00:00\",\"description\":\"Wenn Sie Waren haben, die zwischen Schweden und Deutschland transportiert werden m\u00fcssen, k\u00f6nnen Sie uns vertrauen. Wir fahren Autos, Boote und andere G\u00fcter auf Anh\u00e4ngern oder LKWs.\",\"breadcrumb\":{\"@id\":\"https:\/\/jro-transport.se\/transport-sverige-tyskland\/#breadcrumb\"},\"inLanguage\":\"de-DE\",\"potentialAction\":[{\"@type\":\"ReadAction\",\"target\":[\"https:\/\/jro-transport.se\/transport-sverige-tyskland\/\"]}]},{\"@type\":\"BreadcrumbList\",\"@id\":\"https:\/\/jro-transport.se\/transport-sverige-tyskland\/#breadcrumb\",\"itemListElement\":[{\"@type\":\"ListItem\",\"position\":1,\"name\":\"Hem\",\"item\":\"https:\/\/jro-transport.se\/de\/hem\/\"},{\"@type\":\"ListItem\",\"position\":2,\"name\":\"Transport Schweden &#8211; Deutschland\"}]},{\"@type\":\"WebSite\",\"@id\":\"https:\/\/jro-transport.se\/#website\",\"url\":\"https:\/\/jro-transport.se\/\",\"name\":\"J.R.O. Transport &amp; Service AB\",\"description\":\"Trygga och s\u00e4kra transporter \u00f6ver Sverige &amp; Europa\",\"publisher\":{\"@id\":\"https:\/\/jro-transport.se\/#organization\"},\"potentialAction\":[{\"@type\":\"SearchAction\",\"target\":{\"@type\":\"EntryPoint\",\"urlTemplate\":\"https:\/\/jro-transport.se\/?s={search_term_string}\"},\"query-input\":\"required name=search_term_string\"}],\"inLanguage\":\"de-DE\"},{\"@type\":\"Organization\",\"@id\":\"https:\/\/jro-transport.se\/#organization\",\"name\":\"J.R.O. Transport & Service\",\"url\":\"https:\/\/jro-transport.se\/\",\"logo\":{\"@type\":\"ImageObject\",\"inLanguage\":\"de-DE\",\"@id\":\"https:\/\/jro-transport.se\/#\/schema\/logo\/image\/\",\"url\":\"https:\/\/jro-transport.se\/wp-content\/uploads\/2021\/10\/jro-transport-logo.png\",\"contentUrl\":\"https:\/\/jro-transport.se\/wp-content\/uploads\/2021\/10\/jro-transport-logo.png\",\"width\":120,\"height\":67,\"caption\":\"J.R.O. Transport & Service\"},\"image\":{\"@id\":\"https:\/\/jro-transport.se\/#\/schema\/logo\/image\/\"}}]}<\/script>\n<!-- \/ Yoast SEO plugin. -->","yoast_head_json":{"title":"Transport Schweden - Deutschland | J.R.O. Transport &amp; Service AB","description":"Wenn Sie Waren haben, die zwischen Schweden und Deutschland transportiert werden m\u00fcssen, k\u00f6nnen Sie uns vertrauen. Wir fahren Autos, Boote und andere G\u00fcter auf Anh\u00e4ngern oder LKWs.","robots":{"index":"index","follow":"follow","max-snippet":"max-snippet:-1","max-image-preview":"max-image-preview:large","max-video-preview":"max-video-preview:-1"},"canonical":"https:\/\/jro-transport.se\/transport-sverige-tyskland\/","og_locale":"de_DE","og_type":"article","og_title":"Transport Schweden - Deutschland | J.R.O. Transport &amp; Service AB","og_description":"Wenn Sie Waren haben, die zwischen Schweden und Deutschland transportiert werden m\u00fcssen, k\u00f6nnen Sie uns vertrauen. Wir fahren Autos, Boote und andere G\u00fcter auf Anh\u00e4ngern oder LKWs.","og_url":"https:\/\/jro-transport.se\/transport-sverige-tyskland\/","og_site_name":"J.R.O. Transport &amp; Service AB","article_modified_time":"2024-07-08T06:56:11+00:00","og_image":[{"width":1030,"height":1030,"url":"https:\/\/jro-transport.se\/wp-content\/uploads\/2024\/07\/transport-tyskland-sverige.png","type":"image\/png"}],"twitter_card":"summary_large_image","twitter_misc":{"Gesch\u00e4tzte Lesezeit":"9 Minuten"},"schema":{"@context":"https:\/\/schema.org","@graph":[{"@type":["WebPage","SearchResultsPage"],"@id":"https:\/\/jro-transport.se\/transport-sverige-tyskland\/","url":"https:\/\/jro-transport.se\/transport-sverige-tyskland\/","name":"Transport Schweden - Deutschland | J.R.O. Transport &amp; Service AB","isPartOf":{"@id":"https:\/\/jro-transport.se\/#website"},"datePublished":"2024-07-04T08:34:20+00:00","dateModified":"2024-07-08T06:56:11+00:00","description":"Wenn Sie Waren haben, die zwischen Schweden und Deutschland transportiert werden m\u00fcssen, k\u00f6nnen Sie uns vertrauen. Wir fahren Autos, Boote und andere G\u00fcter auf Anh\u00e4ngern oder LKWs.","breadcrumb":{"@id":"https:\/\/jro-transport.se\/transport-sverige-tyskland\/#breadcrumb"},"inLanguage":"de-DE","potentialAction":[{"@type":"ReadAction","target":["https:\/\/jro-transport.se\/transport-sverige-tyskland\/"]}]},{"@type":"BreadcrumbList","@id":"https:\/\/jro-transport.se\/transport-sverige-tyskland\/#breadcrumb","itemListElement":[{"@type":"ListItem","position":1,"name":"Hem","item":"https:\/\/jro-transport.se\/de\/hem\/"},{"@type":"ListItem","position":2,"name":"Transport Schweden &#8211; Deutschland"}]},{"@type":"WebSite","@id":"https:\/\/jro-transport.se\/#website","url":"https:\/\/jro-transport.se\/","name":"J.R.O. Transport &amp; Service AB","description":"Trygga och s\u00e4kra transporter \u00f6ver Sverige &amp; Europa","publisher":{"@id":"https:\/\/jro-transport.se\/#organization"},"potentialAction":[{"@type":"SearchAction","target":{"@type":"EntryPoint","urlTemplate":"https:\/\/jro-transport.se\/?s={search_term_string}"},"query-input":"required name=search_term_string"}],"inLanguage":"de-DE"},{"@type":"Organization","@id":"https:\/\/jro-transport.se\/#organization","name":"J.R.O. Transport & Service","url":"https:\/\/jro-transport.se\/","logo":{"@type":"ImageObject","inLanguage":"de-DE","@id":"https:\/\/jro-transport.se\/#\/schema\/logo\/image\/","url":"https:\/\/jro-transport.se\/wp-content\/uploads\/2021\/10\/jro-transport-logo.png","contentUrl":"https:\/\/jro-transport.se\/wp-content\/uploads\/2021\/10\/jro-transport-logo.png","width":120,"height":67,"caption":"J.R.O. Transport & Service"},"image":{"@id":"https:\/\/jro-transport.se\/#\/schema\/logo\/image\/"}}]}},"_links":{"self":[{"href":"https:\/\/jro-transport.se\/de\/wp-json\/wp\/v2\/pages\/2604"}],"collection":[{"href":"https:\/\/jro-transport.se\/de\/wp-json\/wp\/v2\/pages"}],"about":[{"href":"https:\/\/jro-transport.se\/de\/wp-json\/wp\/v2\/types\/page"}],"author":[{"embeddable":true,"href":"https:\/\/jro-transport.se\/de\/wp-json\/wp\/v2\/users\/1"}],"replies":[{"embeddable":true,"href":"https:\/\/jro-transport.se\/de\/wp-json\/wp\/v2\/comments?post=2604"}],"version-history":[{"count":2,"href":"https:\/\/jro-transport.se\/de\/wp-json\/wp\/v2\/pages\/2604\/revisions"}],"predecessor-version":[{"id":2606,"href":"https:\/\/jro-transport.se\/de\/wp-json\/wp\/v2\/pages\/2604\/revisions\/2606"}],"wp:featuredmedia":[{"embeddable":true,"href":"https:\/\/jro-transport.se\/de\/wp-json\/wp\/v2\/media\/2506"}],"wp:attachment":[{"href":"https:\/\/jro-transport.se\/de\/wp-json\/wp\/v2\/media?parent=2604"}],"curies":[{"name":"wp","href":"https:\/\/api.w.org\/{rel}","templated":true}]}}