{"id":2670,"date":"2024-07-04T10:34:11","date_gmt":"2024-07-04T08:34:11","guid":{"rendered":"https:\/\/jro-transport.se\/transport-sverige-italien\/"},"modified":"2024-07-08T11:03:48","modified_gmt":"2024-07-08T09:03:48","slug":"transport-sverige-italien","status":"publish","type":"page","link":"https:\/\/jro-transport.se\/da\/transport-sverige-italien\/","title":{"rendered":"Transport Sverige &#8211; Italien"},"content":{"rendered":"<div id='full_slider_1'  class='avia-fullwidth-slider main_color avia-shadow  av-small-hide av-mini-hide  avia-builder-el-0  el_before_av_slideshow_full  avia-builder-el-first   container_wrap fullsize' style=' '  ><div   data-size='featured'  data-lightbox_size='large'  data-animation='slide'  data-conditional_play=''  data-ids='2513'  data-video_counter='0'  data-autoplay='false'  data-bg_slider='false'  data-slide_height=''  data-handle='av_slideshow_full'  data-interval='5'  data-class=' '  data-el_id=''  data-css_id=''  data-scroll_down=''  data-control_layout='av-control-default'  data-custom_markup=''  data-perma_caption=''  data-autoplay_stopper=''  data-image_attachment=''  data-min_height='450px'  data-lazy_loading='disabled'  data-src=''  data-position='top left'  data-repeat='no-repeat'  data-attach='scroll'  data-stretch=''  data-default-height='22.395833333333'  class='avia-slideshow avia-slideshow-1  av-control-default av-default-height-applied avia-slideshow-featured av_slideshow_full   avia-slide-slider '  itemprop=\"image\" itemscope=\"itemscope\" itemtype=\"https:\/\/schema.org\/ImageObject\" ><ul class='avia-slideshow-inner ' style='padding-bottom: 22.395833333333%;' ><li  class=' av-single-slide slide-1 ' ><div data-rel='slideshow-1' class='avia-slide-wrap '   ><img decoding=\"async\" class=\"wp-image-2514 avia-img-lazy-loading-not-2514\"  src=\"https:\/\/jro-transport.se\/wp-content\/uploads\/2024\/07\/transport-sverige-italien-1920x430.png\" width=\"1920\" height=\"430\" title='transport-sverige-italien' alt=''  itemprop=\"thumbnailUrl\"  style='min-height:450px; min-width:2010px; ' \/><\/div><\/li><\/ul><\/div><\/div>\n<div id='full_slider_2'  class='avia-fullwidth-slider main_color avia-shadow  av-desktop-hide av-medium-hide  avia-builder-el-1  el_after_av_slideshow_full  el_before_av_section   slider-not-first container_wrap fullsize' style=' '  ><div   data-size='large'  data-lightbox_size='large'  data-animation='slide'  data-conditional_play=''  data-ids='305'  data-video_counter='0'  data-autoplay='false'  data-bg_slider='false'  data-slide_height=''  data-handle='av_slideshow_full'  data-interval='5'  data-class=' '  data-el_id=''  data-css_id=''  data-scroll_down=''  data-control_layout='av-control-default'  data-custom_markup=''  data-perma_caption=''  data-autoplay_stopper=''  data-image_attachment=''  data-min_height='350px'  data-lazy_loading='disabled'  data-src=''  data-position='top left'  data-repeat='no-repeat'  data-attach='scroll'  data-stretch=''  class='avia-slideshow avia-slideshow-2  av-control-default av-default-height-applied avia-slideshow-large av_slideshow_full   avia-slide-slider '  itemprop=\"image\" itemscope=\"itemscope\" itemtype=\"https:\/\/schema.org\/ImageObject\" ><ul class='avia-slideshow-inner ' style='padding-bottom: 75.04854368932%;' ><li  class=' av-single-slide slide-1 ' ><div data-rel='slideshow-2' class='avia-slide-wrap '   ><img decoding=\"async\" class=\"wp-image-2234 avia-img-lazy-loading-not-2234\"  src=\"https:\/\/jro-transport.se\/wp-content\/uploads\/2021\/10\/DSC_0255-1030x773.jpg\" width=\"1030\" height=\"773\" title='' alt=''  itemprop=\"thumbnailUrl\"  style='min-height:350px; min-width:467px; ' srcset=\"https:\/\/jro-transport.se\/wp-content\/uploads\/2021\/10\/DSC_0255-1030x773.jpg 1030w, https:\/\/jro-transport.se\/wp-content\/uploads\/2021\/10\/DSC_0255-300x225.jpg 300w, https:\/\/jro-transport.se\/wp-content\/uploads\/2021\/10\/DSC_0255-768x576.jpg 768w, https:\/\/jro-transport.se\/wp-content\/uploads\/2021\/10\/DSC_0255-1536x1152.jpg 1536w, https:\/\/jro-transport.se\/wp-content\/uploads\/2021\/10\/DSC_0255-1920x1440.jpg 1920w, https:\/\/jro-transport.se\/wp-content\/uploads\/2021\/10\/DSC_0255-705x529.jpg 705w, https:\/\/jro-transport.se\/wp-content\/uploads\/2021\/10\/DSC_0255.jpg 2016w\" sizes=\"(max-width: 1030px) 100vw, 1030px\" \/><\/div><\/li><\/ul><\/div><\/div>\n<div id='av_section_1'  class='avia-section main_color avia-section-default avia-no-border-styling  avia-bg-style-scroll  avia-builder-el-2  el_after_av_slideshow_full  el_before_av_masonry_gallery   container_wrap fullsize' style=' '  ><div class='container' ><div class='template-page content  av-content-full alpha units'><div class='post-entry post-entry-type-page post-entry-2670'><div class='entry-content-wrapper clearfix'>\n<div class=\"flex_column av_one_fifth  flex_column_div av-zero-column-padding first  avia-builder-el-3  el_before_av_three_fifth  avia-builder-el-first  \" style='border-radius:0px; '><\/div><div class=\"flex_column av_three_fifth  flex_column_div av-zero-column-padding   avia-builder-el-4  el_after_av_one_fifth  el_before_av_one_fifth  \" style='border-radius:0px; '><p><div  style='padding-bottom:10px; ' class='av-special-heading av-special-heading-h1  blockquote modern-quote modern-centered  avia-builder-el-5  el_before_av_textblock  avia-builder-el-first  '><h1 class='av-special-heading-tag '  itemprop=\"headline\"  >Transport Sverige &#8211; Italien<\/h1><div class='special-heading-border'><div class='special-heading-inner-border' ><\/div><\/div><\/div><br \/>\n<section class=\"av_textblock_section \"  itemscope=\"itemscope\" itemtype=\"https:\/\/schema.org\/CreativeWork\" ><div class='avia_textblock  '   itemprop=\"text\" ><p>Velkommen til J.R.O. Transport &amp; Service, din partner for transport mellem Sverige og Italien. Vi tilbyder fleksible transportl\u00f8sninger og st\u00e5r klar til at hj\u00e6lpe dig med at h\u00e5ndtere transport ad vej.<\/p>\n<p>Vi har specialiseret os i transport af b\u00e5de, entrepren\u00f8rmaskiner og andre varer, der skal leveres inden for landet, til Middelhavet eller resten af \u200b\u200bEuropa. Vores biler afg\u00e5r normalt fra Grebbestad p\u00e5 vestkysten.<\/p>\n<p>Mangler du et transportfirma, der kan k\u00f8re b\u00e5de eller gods til eller fra Sverige og Italien? S\u00e5 er vi kun en anmodning v\u00e6k.<\/p>\n<\/div><\/section><br \/>\n<div  style='height:30px' class='hr hr-invisible   avia-builder-el-7  el_after_av_textblock  el_before_av_button '><span class='hr-inner ' ><span class='hr-inner-style'><\/span><\/span><\/div><br \/>\n<div  class='avia-button-wrap avia-button-center  avia-builder-el-8  el_after_av_hr  el_before_av_hr ' ><a href='https:\/\/jro-transport.se\/da\/transportforfragan\/'  class='avia-button  avia-color-theme-color   avia-icon_select-no avia-size-small avia-position-center '   ><span class='avia_iconbox_title' >Lav en anmodning<\/span><\/a><\/div><br \/>\n<div  style='height:30px' class='hr hr-invisible   avia-builder-el-9  el_after_av_button  el_before_av_textblock '><span class='hr-inner ' ><span class='hr-inner-style'><\/span><\/span><\/div><br \/>\n<section class=\"av_textblock_section \"  itemscope=\"itemscope\" itemtype=\"https:\/\/schema.org\/CreativeWork\" ><div class='avia_textblock  '   itemprop=\"text\" ><h2>Fleksible transportl\u00f8sninger mellem Sverige og Italien<\/h2>\n<p>N\u00e5r du skal transportere noget til Italien eller Middelhavet, kan du stole p\u00e5 os. Vi leverer til alle dele af Italien og sikrer, at dine varer ankommer til tiden og i samme stand.<\/p>\n<p>Vores moderne k\u00f8ret\u00f8jer er udstyret til at h\u00e5ndtere forskellige typer transport og vores erfarne chauff\u00f8rer er parate til at transportere b\u00e5de f\u00f8lsomt og tungt gods.<\/p>\n<h2>B\u00e5dtransport Sverige &#8211; Italien<\/h2>\n<p>Med lang erfaring indenfor b\u00e5dtransport kan vi h\u00e5ndtere b\u00e5de i alle st\u00f8rrelser. Uanset om du skal have din b\u00e5d til Italien og Middelhavet eller tilbage til Sverige, s\u00f8rger vi for, at transporten foreg\u00e5r sikkert og effektivt.<\/p>\n<p>Vores trailere er specielt tilpasset til b\u00e5dtransport, og vi planl\u00e6gger hvert trin n\u00f8je for at minimere risikoen for skader p\u00e5 din perle.<\/p>\n<h3>Transport af entrepren\u00f8rmaskiner og andet gods<\/h3>\n<p>Udover b\u00e5de transporterer vi ofte entrepren\u00f8rmaskiner som gravemaskiner og hjull\u00e6ssere. Vores lastbiler og trailere er tilpasset tungt gods, og vores erfarne chauff\u00f8rer s\u00f8rger for, at dit udstyr n\u00e5r sikkert og effektivt frem.<\/p>\n<h3>Optimeret logistik for milj\u00f8 og omkostninger<\/h3>\n<p>Vi planl\u00e6gger vores transporter til Italien omhyggeligt for at undg\u00e5 tomme k\u00f8ret\u00f8jer tilbage til Sverige. Ved at koordinere transport og bruge returrejser kan vi tilbyde omkostningseffektive tjenester og reducere vores milj\u00f8aftryk. Det g\u00f8r vores transporter b\u00e5de overkommelige og b\u00e6redygtige.<\/p>\n<h3>Fokus p\u00e5 sikkerhed og n\u00f8jagtighed<\/h3>\n<p>Sikkerheden af \u200b\u200bdine varer er vores h\u00f8jeste prioritet. Vores chauff\u00f8rer modtager regelm\u00e6ssig tr\u00e6ning i at overholde de nyeste sikkerhedsstandarder og har erfaring med at h\u00e5ndtere eventuelle problemer, der m\u00e5tte opst\u00e5 under transport. Uanset hvad du sender, kan du stole p\u00e5, at vi tager os af det med den st\u00f8rste omhu.<\/p>\n<h3>Vi tager dine varer, hvor du vil \u2013 n\u00e5r du vil<\/h3>\n<p>Vi tilbyder fleksible og skr\u00e6ddersyede l\u00f8sninger baseret p\u00e5 dine specifikke behov. Vores team arbejder t\u00e6t sammen med dig for at forst\u00e5 dine krav og skabe en transportplan, der passer til din situation. Med vores erfaring og ressourcer kan vi h\u00e5ndtere alt fra mindre b\u00e5de til store containere.<\/p>\n<h3>Kontakt os for at bestille transport til Italien<\/h3>\n<p>N\u00e5r du har brug for transport til eller fra Italien, er vi her for at hj\u00e6lpe. Vores forpligtelse til kvalitet og b\u00e6redygtighed g\u00f8r os til din ideelle partner for transport mellem Sverige og Italien.<\/p>\n<p><a href=\"https:\/\/jro-transport.se\/da\/kontakt\/\">Kontakt os<\/a> og fort\u00e6l os om dine behov &#8211; vi giver dig gerne et tilbud og en tidsplan. Vi ser frem til at hj\u00e6lpe dig med din transport til Italien!<\/p>\n<\/div><\/section><\/p><\/div><div class=\"flex_column av_one_fifth  flex_column_div av-zero-column-padding   avia-builder-el-11  el_after_av_three_fifth  avia-builder-el-last  \" style='border-radius:0px; '><\/div><div id='av-masonry-1' class='av-masonry  noHover av-fixed-size av-large-gap av-hover-overlay- av-masonry-animation-active av-masonry-col-4 av-caption-always av-caption-style- av-masonry-gallery     '  ><div class='av-masonry-container isotope av-js-disabled ' ><div class='av-masonry-entry isotope-item av-masonry-item-no-image '><\/div><a href=\"https:\/\/jro-transport.se\/wp-content\/uploads\/2021\/11\/DSC_0517-1030x773.jpg\"  aria-label=\"image DSC_0517\"  id='av-masonry-1-item-2241' data-av-masonry-item='2241' class='av-masonry-entry isotope-item post-2241 attachment type-attachment status-inherit hentry  av-masonry-item-with-image av-grid-img' title=\"DSC_0517\" alt=\"\"   itemprop=\"thumbnailUrl\" ><div class='av-inner-masonry-sizer'><\/div><figure class='av-inner-masonry main_color'><div class=\"av-masonry-outerimage-container\"><div class=\"av-masonry-image-container\" style=\"background-image: url(https:\/\/jro-transport.se\/wp-content\/uploads\/2021\/11\/DSC_0517-705x529.jpg);\" title=\"DSC_0517\" ><\/div><\/div><\/figure><\/a><!--end av-masonry entry--><a href=\"https:\/\/jro-transport.se\/wp-content\/uploads\/2021\/11\/122763491_1060247641072494_6528363236187963572_n.jpg\"  aria-label=\"image image with no title\"  id='av-masonry-1-item-2236' data-av-masonry-item='2236' class='av-masonry-entry isotope-item post-2236 attachment type-attachment status-inherit hentry  av-masonry-item-with-image av-grid-img' title=\"\" alt=\"\"   itemprop=\"thumbnailUrl\" ><div class='av-inner-masonry-sizer'><\/div><figure class='av-inner-masonry main_color'><div class=\"av-masonry-outerimage-container\"><div class=\"av-masonry-image-container\" style=\"background-image: url(https:\/\/jro-transport.se\/wp-content\/uploads\/2021\/11\/122763491_1060247641072494_6528363236187963572_n-705x529.jpg);\"><\/div><\/div><\/figure><\/a><!--end av-masonry entry--><a href=\"https:\/\/jro-transport.se\/wp-content\/uploads\/2021\/11\/38544435_518897398540857_6304941600308985856_n.jpg\"  aria-label=\"image image with no title\"  id='av-masonry-1-item-2237' data-av-masonry-item='2237' class='av-masonry-entry isotope-item post-2237 attachment type-attachment status-inherit hentry  av-masonry-item-with-image av-grid-img' title=\"\" alt=\"\"   itemprop=\"thumbnailUrl\" ><div class='av-inner-masonry-sizer'><\/div><figure class='av-inner-masonry main_color'><div class=\"av-masonry-outerimage-container\"><div class=\"av-masonry-image-container\" style=\"background-image: url(https:\/\/jro-transport.se\/wp-content\/uploads\/2021\/11\/38544435_518897398540857_6304941600308985856_n-705x529.jpg);\"><\/div><\/div><\/figure><\/a><!--end av-masonry entry--><a href=\"https:\/\/jro-transport.se\/wp-content\/uploads\/2021\/11\/1000014556-1030x773.jpg\"  aria-label=\"image 1000014556\"  id='av-masonry-1-item-2443' data-av-masonry-item='2443' class='av-masonry-entry isotope-item post-2443 attachment type-attachment status-inherit hentry  av-masonry-item-with-image av-grid-img' title=\"1000014556\" alt=\"\"   itemprop=\"thumbnailUrl\" ><div class='av-inner-masonry-sizer'><\/div><figure class='av-inner-masonry main_color'><div class=\"av-masonry-outerimage-container\"><div class=\"av-masonry-image-container\" style=\"background-image: url(https:\/\/jro-transport.se\/wp-content\/uploads\/2021\/11\/1000014556-705x529.jpg);\" title=\"1000014556\" ><\/div><\/div><\/figure><\/a><!--end av-masonry entry--><a href=\"https:\/\/jro-transport.se\/wp-content\/uploads\/2021\/11\/176311903_1179440332486557_6900862103867416391_n.jpg\"  aria-label=\"image image with no title\"  id='av-masonry-1-item-2238' data-av-masonry-item='2238' class='av-masonry-entry isotope-item post-2238 attachment type-attachment status-inherit hentry  av-masonry-item-with-image av-grid-img' title=\"\" alt=\"\"   itemprop=\"thumbnailUrl\" ><div class='av-inner-masonry-sizer'><\/div><figure class='av-inner-masonry main_color'><div class=\"av-masonry-outerimage-container\"><div class=\"av-masonry-image-container\" style=\"background-image: url(https:\/\/jro-transport.se\/wp-content\/uploads\/2021\/11\/176311903_1179440332486557_6900862103867416391_n-705x529.jpg);\"><\/div><\/div><\/figure><\/a><!--end av-masonry entry--><a href=\"https:\/\/jro-transport.se\/wp-content\/uploads\/2021\/11\/238221361_1255122921584964_5936670137545645584_n.jpg\"  aria-label=\"image image with no title\"  id='av-masonry-1-item-2239' data-av-masonry-item='2239' class='av-masonry-entry isotope-item post-2239 attachment type-attachment status-inherit hentry  av-masonry-item-with-image av-grid-img' title=\"\" alt=\"\"   itemprop=\"thumbnailUrl\" ><div class='av-inner-masonry-sizer'><\/div><figure class='av-inner-masonry main_color'><div class=\"av-masonry-outerimage-container\"><div class=\"av-masonry-image-container\" style=\"background-image: url(https:\/\/jro-transport.se\/wp-content\/uploads\/2021\/11\/238221361_1255122921584964_5936670137545645584_n-705x529.jpg);\"><\/div><\/div><\/figure><\/a><!--end av-masonry entry--><a href=\"https:\/\/jro-transport.se\/wp-content\/uploads\/2021\/11\/DSC_0516-1030x773.jpg\"  aria-label=\"image DSC_0516\"  id='av-masonry-1-item-2243' data-av-masonry-item='2243' class='av-masonry-entry isotope-item post-2243 attachment type-attachment status-inherit hentry  av-masonry-item-with-image av-grid-img' title=\"DSC_0516\" alt=\"\"   itemprop=\"thumbnailUrl\" ><div class='av-inner-masonry-sizer'><\/div><figure class='av-inner-masonry main_color'><div class=\"av-masonry-outerimage-container\"><div class=\"av-masonry-image-container\" style=\"background-image: url(https:\/\/jro-transport.se\/wp-content\/uploads\/2021\/11\/DSC_0516-705x529.jpg);\" title=\"DSC_0516\" ><\/div><\/div><\/figure><\/a><!--end av-masonry entry--><\/div><\/div><\/p>\n","protected":false},"excerpt":{"rendered":"","protected":false},"author":1,"featured_media":2519,"parent":0,"menu_order":0,"comment_status":"closed","ping_status":"closed","template":"","meta":{"footnotes":""},"yoast_head":"<!-- This site is optimized with the Yoast SEO plugin v21.1 - https:\/\/yoast.com\/wordpress\/plugins\/seo\/ -->\n<title>Transport Sverige - Italien | J.R.O. Transport &amp; Service AB<\/title>\n<meta name=\"description\" content=\"Har du noget, der skal transporteres til Italien eller Middelhavet? S\u00e5 kan du stole p\u00e5 os. Vi k\u00f8rer b\u00e5de, biler og varer til eller fra Italien.\" \/>\n<meta name=\"robots\" content=\"index, follow, max-snippet:-1, max-image-preview:large, max-video-preview:-1\" \/>\n<link rel=\"canonical\" href=\"https:\/\/jro-transport.se\/transport-sverige-italien\/\" \/>\n<meta property=\"og:locale\" content=\"da_DK\" \/>\n<meta property=\"og:type\" content=\"article\" \/>\n<meta property=\"og:title\" content=\"Transport Sverige - Italien | J.R.O. Transport &amp; Service AB\" \/>\n<meta property=\"og:description\" content=\"Har du noget, der skal transporteres til Italien eller Middelhavet? S\u00e5 kan du stole p\u00e5 os. Vi k\u00f8rer b\u00e5de, biler og varer til eller fra Italien.\" \/>\n<meta property=\"og:url\" content=\"https:\/\/jro-transport.se\/transport-sverige-italien\/\" \/>\n<meta property=\"og:site_name\" content=\"J.R.O. Transport &amp; Service AB\" \/>\n<meta property=\"article:modified_time\" content=\"2024-07-08T09:03:48+00:00\" \/>\n<meta property=\"og:image\" content=\"https:\/\/jro-transport.se\/wp-content\/uploads\/2024\/07\/transport-italien-sverige.png\" \/>\n\t<meta property=\"og:image:width\" content=\"1030\" \/>\n\t<meta property=\"og:image:height\" content=\"1030\" \/>\n\t<meta property=\"og:image:type\" content=\"image\/png\" \/>\n<meta name=\"twitter:card\" content=\"summary_large_image\" \/>\n<meta name=\"twitter:label1\" content=\"Estimeret l\u00e6setid\" \/>\n\t<meta name=\"twitter:data1\" content=\"9 minutter\" \/>\n<script type=\"application\/ld+json\" class=\"yoast-schema-graph\">{\"@context\":\"https:\/\/schema.org\",\"@graph\":[{\"@type\":[\"WebPage\",\"SearchResultsPage\"],\"@id\":\"https:\/\/jro-transport.se\/transport-sverige-italien\/\",\"url\":\"https:\/\/jro-transport.se\/transport-sverige-italien\/\",\"name\":\"Transport Sverige - Italien | J.R.O. Transport &amp; Service AB\",\"isPartOf\":{\"@id\":\"https:\/\/jro-transport.se\/#website\"},\"datePublished\":\"2024-07-04T08:34:11+00:00\",\"dateModified\":\"2024-07-08T09:03:48+00:00\",\"description\":\"Har du noget, der skal transporteres til Italien eller Middelhavet? S\u00e5 kan du stole p\u00e5 os. Vi k\u00f8rer b\u00e5de, biler og varer til eller fra Italien.\",\"breadcrumb\":{\"@id\":\"https:\/\/jro-transport.se\/transport-sverige-italien\/#breadcrumb\"},\"inLanguage\":\"da-DK\",\"potentialAction\":[{\"@type\":\"ReadAction\",\"target\":[\"https:\/\/jro-transport.se\/transport-sverige-italien\/\"]}]},{\"@type\":\"BreadcrumbList\",\"@id\":\"https:\/\/jro-transport.se\/transport-sverige-italien\/#breadcrumb\",\"itemListElement\":[{\"@type\":\"ListItem\",\"position\":1,\"name\":\"Hem\",\"item\":\"https:\/\/jro-transport.se\/da\/hem\/\"},{\"@type\":\"ListItem\",\"position\":2,\"name\":\"Transport Sverige &#8211; Italien\"}]},{\"@type\":\"WebSite\",\"@id\":\"https:\/\/jro-transport.se\/#website\",\"url\":\"https:\/\/jro-transport.se\/\",\"name\":\"J.R.O. Transport &amp; Service AB\",\"description\":\"Trygga och s\u00e4kra transporter \u00f6ver Sverige &amp; Europa\",\"publisher\":{\"@id\":\"https:\/\/jro-transport.se\/#organization\"},\"potentialAction\":[{\"@type\":\"SearchAction\",\"target\":{\"@type\":\"EntryPoint\",\"urlTemplate\":\"https:\/\/jro-transport.se\/?s={search_term_string}\"},\"query-input\":\"required name=search_term_string\"}],\"inLanguage\":\"da-DK\"},{\"@type\":\"Organization\",\"@id\":\"https:\/\/jro-transport.se\/#organization\",\"name\":\"J.R.O. Transport & Service\",\"url\":\"https:\/\/jro-transport.se\/\",\"logo\":{\"@type\":\"ImageObject\",\"inLanguage\":\"da-DK\",\"@id\":\"https:\/\/jro-transport.se\/#\/schema\/logo\/image\/\",\"url\":\"https:\/\/jro-transport.se\/wp-content\/uploads\/2021\/10\/jro-transport-logo.png\",\"contentUrl\":\"https:\/\/jro-transport.se\/wp-content\/uploads\/2021\/10\/jro-transport-logo.png\",\"width\":120,\"height\":67,\"caption\":\"J.R.O. Transport & Service\"},\"image\":{\"@id\":\"https:\/\/jro-transport.se\/#\/schema\/logo\/image\/\"}}]}<\/script>\n<!-- \/ Yoast SEO plugin. -->","yoast_head_json":{"title":"Transport Sverige - Italien | J.R.O. Transport &amp; Service AB","description":"Har du noget, der skal transporteres til Italien eller Middelhavet? S\u00e5 kan du stole p\u00e5 os. Vi k\u00f8rer b\u00e5de, biler og varer til eller fra Italien.","robots":{"index":"index","follow":"follow","max-snippet":"max-snippet:-1","max-image-preview":"max-image-preview:large","max-video-preview":"max-video-preview:-1"},"canonical":"https:\/\/jro-transport.se\/transport-sverige-italien\/","og_locale":"da_DK","og_type":"article","og_title":"Transport Sverige - Italien | J.R.O. Transport &amp; Service AB","og_description":"Har du noget, der skal transporteres til Italien eller Middelhavet? S\u00e5 kan du stole p\u00e5 os. Vi k\u00f8rer b\u00e5de, biler og varer til eller fra Italien.","og_url":"https:\/\/jro-transport.se\/transport-sverige-italien\/","og_site_name":"J.R.O. Transport &amp; Service AB","article_modified_time":"2024-07-08T09:03:48+00:00","og_image":[{"width":1030,"height":1030,"url":"https:\/\/jro-transport.se\/wp-content\/uploads\/2024\/07\/transport-italien-sverige.png","type":"image\/png"}],"twitter_card":"summary_large_image","twitter_misc":{"Estimeret l\u00e6setid":"9 minutter"},"schema":{"@context":"https:\/\/schema.org","@graph":[{"@type":["WebPage","SearchResultsPage"],"@id":"https:\/\/jro-transport.se\/transport-sverige-italien\/","url":"https:\/\/jro-transport.se\/transport-sverige-italien\/","name":"Transport Sverige - Italien | J.R.O. Transport &amp; Service AB","isPartOf":{"@id":"https:\/\/jro-transport.se\/#website"},"datePublished":"2024-07-04T08:34:11+00:00","dateModified":"2024-07-08T09:03:48+00:00","description":"Har du noget, der skal transporteres til Italien eller Middelhavet? S\u00e5 kan du stole p\u00e5 os. Vi k\u00f8rer b\u00e5de, biler og varer til eller fra Italien.","breadcrumb":{"@id":"https:\/\/jro-transport.se\/transport-sverige-italien\/#breadcrumb"},"inLanguage":"da-DK","potentialAction":[{"@type":"ReadAction","target":["https:\/\/jro-transport.se\/transport-sverige-italien\/"]}]},{"@type":"BreadcrumbList","@id":"https:\/\/jro-transport.se\/transport-sverige-italien\/#breadcrumb","itemListElement":[{"@type":"ListItem","position":1,"name":"Hem","item":"https:\/\/jro-transport.se\/da\/hem\/"},{"@type":"ListItem","position":2,"name":"Transport Sverige &#8211; Italien"}]},{"@type":"WebSite","@id":"https:\/\/jro-transport.se\/#website","url":"https:\/\/jro-transport.se\/","name":"J.R.O. Transport &amp; Service AB","description":"Trygga och s\u00e4kra transporter \u00f6ver Sverige &amp; Europa","publisher":{"@id":"https:\/\/jro-transport.se\/#organization"},"potentialAction":[{"@type":"SearchAction","target":{"@type":"EntryPoint","urlTemplate":"https:\/\/jro-transport.se\/?s={search_term_string}"},"query-input":"required name=search_term_string"}],"inLanguage":"da-DK"},{"@type":"Organization","@id":"https:\/\/jro-transport.se\/#organization","name":"J.R.O. Transport & Service","url":"https:\/\/jro-transport.se\/","logo":{"@type":"ImageObject","inLanguage":"da-DK","@id":"https:\/\/jro-transport.se\/#\/schema\/logo\/image\/","url":"https:\/\/jro-transport.se\/wp-content\/uploads\/2021\/10\/jro-transport-logo.png","contentUrl":"https:\/\/jro-transport.se\/wp-content\/uploads\/2021\/10\/jro-transport-logo.png","width":120,"height":67,"caption":"J.R.O. Transport & Service"},"image":{"@id":"https:\/\/jro-transport.se\/#\/schema\/logo\/image\/"}}]}},"_links":{"self":[{"href":"https:\/\/jro-transport.se\/da\/wp-json\/wp\/v2\/pages\/2670"}],"collection":[{"href":"https:\/\/jro-transport.se\/da\/wp-json\/wp\/v2\/pages"}],"about":[{"href":"https:\/\/jro-transport.se\/da\/wp-json\/wp\/v2\/types\/page"}],"author":[{"embeddable":true,"href":"https:\/\/jro-transport.se\/da\/wp-json\/wp\/v2\/users\/1"}],"replies":[{"embeddable":true,"href":"https:\/\/jro-transport.se\/da\/wp-json\/wp\/v2\/comments?post=2670"}],"version-history":[{"count":2,"href":"https:\/\/jro-transport.se\/da\/wp-json\/wp\/v2\/pages\/2670\/revisions"}],"predecessor-version":[{"id":2672,"href":"https:\/\/jro-transport.se\/da\/wp-json\/wp\/v2\/pages\/2670\/revisions\/2672"}],"wp:featuredmedia":[{"embeddable":true,"href":"https:\/\/jro-transport.se\/da\/wp-json\/wp\/v2\/media\/2519"}],"wp:attachment":[{"href":"https:\/\/jro-transport.se\/da\/wp-json\/wp\/v2\/media?parent=2670"}],"curies":[{"name":"wp","href":"https:\/\/api.w.org\/{rel}","templated":true}]}}