{"id":2282,"date":"2020-03-14T07:12:28","date_gmt":"2020-03-14T06:12:28","guid":{"rendered":"https:\/\/jro-transport.se\/hem\/"},"modified":"2024-07-08T09:23:48","modified_gmt":"2024-07-08T07:23:48","slug":"hem","status":"publish","type":"page","link":"https:\/\/jro-transport.se\/da\/","title":{"rendered":"Velkommen til J.R.O Transport &#038; Service AB"},"content":{"rendered":"<div id='full_slider_1'  class='avia-fullwidth-slider main_color avia-shadow  av-small-hide av-mini-hide  avia-builder-el-0  el_before_av_slideshow_full  avia-builder-el-first   container_wrap fullsize' style=' '  ><div   data-size='extra_large'  data-lightbox_size='large'  data-animation='slide'  data-conditional_play=''  data-ids='105'  data-video_counter='0'  data-autoplay='false'  data-bg_slider='false'  data-slide_height=''  data-handle='av_slideshow_full'  data-interval='5'  data-class=' '  data-el_id=''  data-css_id=''  data-scroll_down=''  data-control_layout='av-control-minimal'  data-custom_markup=''  data-perma_caption='aviaTBperma_caption'  data-autoplay_stopper=''  data-image_attachment=''  data-min_height='650px'  data-lazy_loading='disabled'  data-src=''  data-position='top left'  data-repeat='no-repeat'  data-attach='scroll'  data-stretch=''  data-default-height='100'  class='avia-slideshow avia-slideshow-1  av-control-minimal av-default-height-applied avia-slideshow-extra_large av_slideshow_full   avia-slide-slider '  itemprop=\"image\" itemscope=\"itemscope\" itemtype=\"https:\/\/schema.org\/ImageObject\" ><ul class='avia-slideshow-inner ' style='padding-bottom: 34.210526315789%;' ><li  class=' av-single-slide slide-1 ' ><div data-rel='slideshow-1' class='avia-slide-wrap '   ><img decoding=\"async\" class=\"wp-image-2286 avia-img-lazy-loading-not-2286\"  src=\"https:\/\/jro-transport.se\/wp-content\/uploads\/2021\/10\/jro_img_3.png\" width=\"1900\" height=\"650\" title='' alt=''  itemprop=\"thumbnailUrl\"  style='min-height:650px; min-width:1900px; ' srcset=\"https:\/\/jro-transport.se\/wp-content\/uploads\/2021\/10\/jro_img_3.png 1900w, https:\/\/jro-transport.se\/wp-content\/uploads\/2021\/10\/jro_img_3-300x103.png 300w, https:\/\/jro-transport.se\/wp-content\/uploads\/2021\/10\/jro_img_3-1030x352.png 1030w, https:\/\/jro-transport.se\/wp-content\/uploads\/2021\/10\/jro_img_3-768x263.png 768w, https:\/\/jro-transport.se\/wp-content\/uploads\/2021\/10\/jro_img_3-1536x525.png 1536w, https:\/\/jro-transport.se\/wp-content\/uploads\/2021\/10\/jro_img_3-705x241.png 705w\" sizes=\"(max-width: 1900px) 100vw, 1900px\" \/><\/div><\/li><\/ul><div class = \"caption_fullwidth av-slideshow-caption caption_left\"><div class = \"container caption_container\"><div class = \"slideshow_caption\"><div class = \"slideshow_inner_caption\"><div class = \"slideshow_align_caption\"><h1  style='color:#ffffff; ' class='avia-caption-title  '  itemprop=\"name\" >J.R.O Transport<br \/>\n&amp; Service AB<\/h1><div class='avia-caption-content  av_inherit_color'  itemprop=\"description\"   style='color:#ffffff; '><p>Et transport- og entrepren\u00f8rfirma i Norra Bohusl\u00e4n<\/p>\n<\/div><a href='https:\/\/jro-transport.se\/transportforfragan\/'  class='avia-slideshow-button avia-button avia-color-theme-color ' data-duration='800' data-easing='easeInOutQuad'>L\u00e6s mere<\/a><\/div><\/div><\/div><\/div><\/div><\/div><\/div>\n<div id='full_slider_2'  class='avia-fullwidth-slider main_color avia-shadow  av-desktop-hide av-medium-hide  avia-builder-el-1  el_after_av_slideshow_full  el_before_av_section   slider-not-first container_wrap fullsize' style=' '  ><div   data-size='large'  data-lightbox_size='large'  data-animation='slide'  data-conditional_play=''  data-ids='162'  data-video_counter='0'  data-autoplay='false'  data-bg_slider='false'  data-slide_height=''  data-handle='av_slideshow_full'  data-interval='5'  data-class=' '  data-el_id=''  data-css_id=''  data-scroll_down=''  data-control_layout='av-control-minimal'  data-custom_markup=''  data-perma_caption='aviaTBperma_caption'  data-autoplay_stopper=''  data-image_attachment=''  data-min_height='400px'  data-lazy_loading='disabled'  data-src=''  data-position='top left'  data-repeat='no-repeat'  data-attach='scroll'  data-stretch=''  class='avia-slideshow avia-slideshow-2  av-control-minimal av-default-height-applied avia-slideshow-large av_slideshow_full   avia-slide-slider '  itemprop=\"image\" itemscope=\"itemscope\" itemtype=\"https:\/\/schema.org\/ImageObject\" ><ul class='avia-slideshow-inner ' style='padding-bottom: 38.834951456311%;' ><li  class=' av-single-slide slide-1 ' ><div data-rel='slideshow-2' class='avia-slide-wrap '   ><img decoding=\"async\" class=\"wp-image-2270 avia-img-lazy-loading-not-2270\"  src=\"https:\/\/jro-transport.se\/wp-content\/uploads\/2021\/10\/jmo_img_8.png\" width=\"1030\" height=\"400\" title='' alt=''  itemprop=\"thumbnailUrl\"  style='min-height:400px; min-width:1030px; ' srcset=\"https:\/\/jro-transport.se\/wp-content\/uploads\/2021\/10\/jmo_img_8.png 1030w, https:\/\/jro-transport.se\/wp-content\/uploads\/2021\/10\/jmo_img_8-300x117.png 300w, https:\/\/jro-transport.se\/wp-content\/uploads\/2021\/10\/jmo_img_8-768x298.png 768w, https:\/\/jro-transport.se\/wp-content\/uploads\/2021\/10\/jmo_img_8-705x274.png 705w\" sizes=\"(max-width: 1030px) 100vw, 1030px\" \/><\/div><\/li><\/ul><div class = \"caption_fullwidth av-slideshow-caption caption_left\"><div class = \"container caption_container\"><div class = \"slideshow_caption\"><div class = \"slideshow_inner_caption\"><div class = \"slideshow_align_caption\"><h1  style='color:#ffffff; ' class='avia-caption-title  '  itemprop=\"name\" >J.R.O Transport<br \/>\n&amp; Service AB<\/h1><div class='avia-caption-content  av_inherit_color'  itemprop=\"description\"   style='color:#ffffff; '><p>Et transport- og entrepren\u00f8rfirma i Norra Bohusl\u00e4n<\/p>\n<\/div><a href='https:\/\/jro-transport.se\/transportforfragan\/'  class='avia-slideshow-button avia-button avia-color-theme-color ' data-duration='800' data-easing='easeInOutQuad'>L\u00e6s mere<\/a><\/div><\/div><\/div><\/div><\/div><\/div><\/div>\n<div id='av_section_1'  class='avia-section main_color avia-section-default avia-no-border-styling  avia-bg-style-scroll  avia-builder-el-2  el_after_av_slideshow_full  el_before_av_layout_row  tjanster-sec  container_wrap fullsize' style='background-color: #f7f7f7;  '  ><div class='container' ><div class='template-page content  av-content-full alpha units'><div class='post-entry post-entry-type-page post-entry-2282'><div class='entry-content-wrapper clearfix'>\n<div  style='padding-bottom:20px; ' class='av-special-heading av-special-heading-h2  blockquote modern-quote modern-centered  avia-builder-el-3  el_before_av_codeblock  avia-builder-el-first  '><h2 class='av-special-heading-tag '  itemprop=\"headline\"  >Vores ydelser inden for transport <span class='special_amp'>&amp;<\/span> entreprise<\/h2><div class='special-heading-border'><div class='special-heading-inner-border' ><\/div><\/div><\/div>\n\n<\/div><\/div><\/div><!-- close content main div --><\/div><\/div><div id='av-layout-grid-1'  class='av-layout-grid-container entry-content-wrapper main_color av-flex-cells     avia-builder-el-5  el_after_av_section  el_before_av_section  hp-services submenu-not-first container_wrap fullsize' style=' '  >\n<div class=\"flex_cell no_margin av_one_full  avia-builder-el-6  avia-builder-el-no-sibling   av-zero-padding \"  style='vertical-align:top; padding:0px; ' ><div class='flex_cell_inner' ><p><div class='flex_column_table av-equal-height-column-flextable -flextable' ><div class=\"flex_column av_one_half  no_margin flex_column_table_cell av-equal-height-column av-align-middle av-zero-column-padding first  avia-builder-el-7  el_before_av_one_half  avia-builder-el-first  \" style='background: #343539; background-color:#343539; border-radius:0px; '><p><div  style='padding-bottom:10px; ' class='av-special-heading av-special-heading-h2    avia-builder-el-8  el_before_av_textblock  avia-builder-el-first  '><h2 class='av-special-heading-tag '  itemprop=\"headline\"  >J.R.O. Transport <span class='special_amp'>&amp;<\/span> Service AB<\/h2><div class='special-heading-border'><div class='special-heading-inner-border' ><\/div><\/div><\/div><br \/>\n<section class=\"av_textblock_section \"  itemscope=\"itemscope\" itemtype=\"https:\/\/schema.org\/CreativeWork\" ><div class='avia_textblock  '   itemprop=\"text\" ><ul>\n<li><strong>En komplet udbyder af transporttjenester<\/strong>Vi tilbyder et omfattende udvalg af transportl\u00f8sninger med k\u00f8ret\u00f8jer, der er effektive og specielt tilpasset deres opgaver.<\/li>\n<li><strong>En veletableret virksomhed<\/strong> Efter mange \u00e5r i branchen har J.R.O. Transport &amp; Service AB er i dag en veletableret og velrenommeret vognmandsvirksomhed, der arbejder over hele Norden og Europa.<\/li>\n<li><strong>Erfarne chauff\u00f8rer<\/strong> Takket v\u00e6re vores erfarne chauff\u00f8rer og vores arsenal af forskellige transportk\u00f8ret\u00f8jer kan vi hurtigt og nemt udf\u00f8re det arbejde, vi har p\u00e5taget os.<\/li>\n<\/ul>\n<\/div><\/section><br \/>\n<div  class='avia-button-wrap avia-button-left  avia-builder-el-10  el_after_av_textblock  avia-builder-el-last ' ><a href='https:\/\/jro-transport.se\/da\/transportforfragan\/'  class='avia-button  avia-color-theme-color   avia-icon_select-no avia-size-small avia-position-left '   ><span class='avia_iconbox_title' >L\u00e6s mere<\/span><\/a><\/div><\/p><\/div><div class=\"flex_column av_one_half  no_margin flex_column_table_cell av-equal-height-column av-align-middle av-zero-column-padding   avia-builder-el-11  el_after_av_one_half  avia-builder-el-last  \" style='background:url(https:\/\/jro-transport.se\/wp-content\/uploads\/2021\/10\/jro_img_9.png) center center no-repeat ; border-radius:0px; '><p><div  style='padding-bottom:10px; ' class='av-special-heading av-special-heading-h2  blockquote modern-quote  avia-builder-el-12  el_before_av_button  avia-builder-el-first  '><h2 class='av-special-heading-tag '  itemprop=\"headline\"  >Sikker transport indenfor Sverige \u00b7 Norge \u00b7 Danmark og Europa<\/h2><div class='special-heading-border'><div class='special-heading-inner-border' ><\/div><\/div><\/div><br \/>\n<div  class='avia-button-wrap avia-button-left  avia-builder-el-13  el_after_av_heading  avia-builder-el-last ' ><a href='https:\/\/jro-transport.se\/da\/kontakt\/'  class='avia-button  avia-color-theme-color   avia-icon_select-no avia-size-small avia-position-left '   ><span class='avia_iconbox_title' >Kontakt os<\/span><\/a><\/div><\/p><\/div><\/div><!--close column table wrapper. Autoclose: 1 --><\/p>\n<\/div><\/div>\n<\/div><\/p>\n<div id='av_section_2'  class='avia-section main_color avia-section-default avia-no-border-styling  avia-bg-style-scroll  avia-builder-el-14  el_after_av_layout_row  el_before_av_section  hp-om-oss  container_wrap fullsize' style=' '  ><div class='container' ><div class='template-page content  av-content-full alpha units'><div class='post-entry post-entry-type-page post-entry-2282'><div class='entry-content-wrapper clearfix'>\n<div class=\"flex_column av_two_fifth  no_margin flex_column_div av-zero-column-padding first  avia-builder-el-15  el_before_av_three_fifth  avia-builder-el-first  \" style='border-radius:0px; '><div  class='avia-image-container  av-styling-    avia-builder-el-16  avia-builder-el-no-sibling  avia-align-center '  itemprop=\"image\" itemscope=\"itemscope\" itemtype=\"https:\/\/schema.org\/ImageObject\"  ><div class='avia-image-container-inner'><div class='avia-image-overlay-wrap'><img decoding=\"async\" class='wp-image-2289 avia-img-lazy-loading-not-2289 avia_image' src=\"https:\/\/jro-transport.se\/wp-content\/uploads\/2021\/10\/jro_img_4.jpg.png\" alt='' title='' height=\"479\" width=\"481\"  itemprop=\"thumbnailUrl\" srcset=\"https:\/\/jro-transport.se\/wp-content\/uploads\/2021\/10\/jro_img_4.jpg.png 481w, https:\/\/jro-transport.se\/wp-content\/uploads\/2021\/10\/jro_img_4.jpg-300x300.png 300w, https:\/\/jro-transport.se\/wp-content\/uploads\/2021\/10\/jro_img_4.jpg-80x80.png 80w, https:\/\/jro-transport.se\/wp-content\/uploads\/2021\/10\/jro_img_4.jpg-36x36.png 36w, https:\/\/jro-transport.se\/wp-content\/uploads\/2021\/10\/jro_img_4.jpg-180x180.png 180w\" sizes=\"(max-width: 481px) 100vw, 481px\" \/><\/div><\/div><\/div><\/div><div class=\"flex_column av_three_fifth  no_margin flex_column_div av-zero-column-padding   avia-builder-el-17  el_after_av_two_fifth  avia-builder-el-last  \" style='border-radius:0px; '><section class=\"av_textblock_section \"  itemscope=\"itemscope\" itemtype=\"https:\/\/schema.org\/CreativeWork\" ><div class='avia_textblock  '   itemprop=\"text\" ><h2>Vi tager dine varer, hvor du vil<br \/>\n&#8211; n\u00e5r du \u00f8nsker<\/h2>\n<p>J.R.O Transport &amp; Service AB er en transportvirksomhed med base i Grebbestad &#8211; Tanum i det nordlige Bohusl\u00e4n. Vi har stor erfaring med at udf\u00f8re sikre og effektive transporter b\u00e5de i Sverige og i udlandet. Vores firma transporterer biler, b\u00e5de, maskiner, pallegods mv.<\/p>\n<p>Et af vores specialer er transport, bemanding og entrepren\u00f8rydelser. Et andet speciale er b\u00e5dtransport, som vi k\u00f8rer kontinuerligt mellem G\u00f8teborg og Stockholm.<\/p>\n<\/div><\/section><br \/>\n<div  class='avia-button-wrap avia-button-left  avia-builder-el-19  el_after_av_textblock  avia-builder-el-last ' ><a href='https:\/\/jro-transport.se\/da\/om-oss\/'  class='avia-button  avia-color-theme-color   avia-icon_select-no avia-size-small avia-position-left '   ><span class='avia_iconbox_title' >L\u00e6s mere<\/span><\/a><\/div><\/p><\/div>\n\n<\/div><\/div><\/div><!-- close content main div --><\/div><\/div><div id='av_section_3'  class='avia-section main_color avia-section-default avia-no-shadow  avia-bg-style-scroll  avia-builder-el-20  el_after_av_section  el_before_av_section   container_wrap fullsize' style='background-color: #f7f7f7;  '  ><div class='container' ><div class='template-page content  av-content-full alpha units'><div class='post-entry post-entry-type-page post-entry-2282'><div class='entry-content-wrapper clearfix'>\n<div  style='padding-bottom:10px; ' class='av-special-heading av-special-heading-h2  blockquote modern-quote modern-centered  avia-builder-el-21  el_before_av_hr  avia-builder-el-first  '><h2 class='av-special-heading-tag '  itemprop=\"headline\"  >F\u00f8lg os p\u00e5 Facebook<\/h2><div class='special-heading-border'><div class='special-heading-inner-border' ><\/div><\/div><\/div>\n<div  style='height:10px' class='hr hr-invisible  av-small-hide av-mini-hide  avia-builder-el-22  el_after_av_heading  el_before_av_codeblock '><span class='hr-inner ' ><span class='hr-inner-style'><\/span><\/span><\/div>\n\n<div  style='height:15px' class='hr hr-invisible   avia-builder-el-24  el_after_av_codeblock  avia-builder-el-last '><span class='hr-inner ' ><span class='hr-inner-style'><\/span><\/span><\/div>\n\n<\/div><\/div><\/div><!-- close content main div --><\/div><\/div><div id='av_section_4'  class='avia-section main_color avia-section-default avia-no-border-styling  av-section-color-overlay-active avia-bg-style-scroll  avia-builder-el-25  el_after_av_section  avia-builder-el-last  kon-sec  container_wrap fullsize' style='background-repeat: no-repeat; background-image: url(https:\/\/jro-transport.se\/wp-content\/uploads\/2021\/10\/jro_img_6.jpg);background-attachment: scroll; background-position: center center;  '  data-section-bg-repeat='no-repeat'><div class='av-section-color-overlay-wrap'><div class='av-section-color-overlay' style='opacity: 0.9; background-color: #de3733; '><\/div><div class='container' ><div class='template-page content  av-content-full alpha units'><div class='post-entry post-entry-type-page post-entry-2282'><div class='entry-content-wrapper clearfix'>\n<div class=\"flex_column av_one_full  flex_column_div av-zero-column-padding first  avia-builder-el-26  avia-builder-el-no-sibling  \" style='border-radius:0px; '><p><div  style='padding-bottom:18px; ' class='av-special-heading av-special-heading-h2  blockquote modern-quote modern-centered  avia-builder-el-27  el_before_av_codeblock  avia-builder-el-first  '><h2 class='av-special-heading-tag '  itemprop=\"headline\"  >Transportanmodning<\/h2><div class='special-heading-border'><div class='special-heading-inner-border' ><\/div><\/div><\/div><br \/>\n<\/p><\/div>\n\n","protected":false},"excerpt":{"rendered":"","protected":false},"author":2,"featured_media":2284,"parent":0,"menu_order":0,"comment_status":"closed","ping_status":"closed","template":"","meta":{"footnotes":""},"yoast_head":"<!-- This site is optimized with the Yoast SEO plugin v21.1 - https:\/\/yoast.com\/wordpress\/plugins\/seo\/ -->\n<title>Velkommen til J.R.O Transport &amp; Service AB<\/title>\n<meta name=\"description\" content=\"J.R.O Transport &amp; Service i Grebbestad - Tanum tilbyder et omfattende udvalg af sikre transportl\u00f8sninger og fleksibel bemanding.\" \/>\n<meta name=\"robots\" content=\"index, follow, max-snippet:-1, max-image-preview:large, max-video-preview:-1\" \/>\n<link rel=\"canonical\" href=\"https:\/\/jro-transport.se\/da\/hem\/\" \/>\n<meta property=\"og:locale\" content=\"da_DK\" \/>\n<meta property=\"og:type\" content=\"article\" \/>\n<meta property=\"og:title\" content=\"Velkommen til J.R.O Transport &amp; Service AB\" \/>\n<meta property=\"og:description\" content=\"J.R.O Transport &amp; Service i Grebbestad - Tanum tilbyder et omfattende udvalg af sikre transportl\u00f8sninger og fleksibel bemanding.\" \/>\n<meta property=\"og:url\" content=\"https:\/\/jro-transport.se\/da\/hem\/\" \/>\n<meta property=\"og:site_name\" content=\"J.R.O. Transport &amp; Service AB\" \/>\n<meta property=\"article:modified_time\" content=\"2024-07-08T07:23:48+00:00\" \/>\n<meta property=\"og:image\" content=\"https:\/\/jro-transport.se\/wp-content\/uploads\/2022\/01\/jro-transportservice-1.png\" \/>\n\t<meta property=\"og:image:width\" content=\"800\" \/>\n\t<meta property=\"og:image:height\" content=\"600\" \/>\n\t<meta property=\"og:image:type\" content=\"image\/png\" \/>\n<meta name=\"twitter:card\" content=\"summary_large_image\" \/>\n<meta name=\"twitter:label1\" content=\"Estimeret l\u00e6setid\" \/>\n\t<meta name=\"twitter:data1\" content=\"7 minutter\" \/>\n<script type=\"application\/ld+json\" class=\"yoast-schema-graph\">{\"@context\":\"https:\/\/schema.org\",\"@graph\":[{\"@type\":[\"WebPage\",\"SearchResultsPage\"],\"@id\":\"https:\/\/jro-transport.se\/da\/hem\/\",\"url\":\"https:\/\/jro-transport.se\/da\/hem\/\",\"name\":\"Velkommen til J.R.O Transport & Service AB\",\"isPartOf\":{\"@id\":\"https:\/\/jro-transport.se\/#website\"},\"datePublished\":\"2020-03-14T06:12:28+00:00\",\"dateModified\":\"2024-07-08T07:23:48+00:00\",\"description\":\"J.R.O Transport & Service i Grebbestad - Tanum tilbyder et omfattende udvalg af sikre transportl\u00f8sninger og fleksibel bemanding.\",\"breadcrumb\":{\"@id\":\"https:\/\/jro-transport.se\/da\/hem\/#breadcrumb\"},\"inLanguage\":\"da-DK\",\"potentialAction\":[{\"@type\":\"ReadAction\",\"target\":[\"https:\/\/jro-transport.se\/da\/hem\/\"]}]},{\"@type\":\"BreadcrumbList\",\"@id\":\"https:\/\/jro-transport.se\/da\/hem\/#breadcrumb\",\"itemListElement\":[{\"@type\":\"ListItem\",\"position\":1,\"name\":\"Hem\",\"item\":\"https:\/\/jro-transport.se\/da\/hem\/\"},{\"@type\":\"ListItem\",\"position\":2,\"name\":\"Velkommen til J.R.O Transport &#038; Service AB\"}]},{\"@type\":\"WebSite\",\"@id\":\"https:\/\/jro-transport.se\/#website\",\"url\":\"https:\/\/jro-transport.se\/\",\"name\":\"J.R.O. Transport &amp; Service AB\",\"description\":\"Trygga och s\u00e4kra transporter \u00f6ver Sverige &amp; Europa\",\"publisher\":{\"@id\":\"https:\/\/jro-transport.se\/#organization\"},\"potentialAction\":[{\"@type\":\"SearchAction\",\"target\":{\"@type\":\"EntryPoint\",\"urlTemplate\":\"https:\/\/jro-transport.se\/?s={search_term_string}\"},\"query-input\":\"required name=search_term_string\"}],\"inLanguage\":\"da-DK\"},{\"@type\":\"Organization\",\"@id\":\"https:\/\/jro-transport.se\/#organization\",\"name\":\"J.R.O. Transport & Service\",\"url\":\"https:\/\/jro-transport.se\/\",\"logo\":{\"@type\":\"ImageObject\",\"inLanguage\":\"da-DK\",\"@id\":\"https:\/\/jro-transport.se\/#\/schema\/logo\/image\/\",\"url\":\"https:\/\/jro-transport.se\/wp-content\/uploads\/2021\/10\/jro-transport-logo.png\",\"contentUrl\":\"https:\/\/jro-transport.se\/wp-content\/uploads\/2021\/10\/jro-transport-logo.png\",\"width\":120,\"height\":67,\"caption\":\"J.R.O. Transport & Service\"},\"image\":{\"@id\":\"https:\/\/jro-transport.se\/#\/schema\/logo\/image\/\"}}]}<\/script>\n<!-- \/ Yoast SEO plugin. -->","yoast_head_json":{"title":"Velkommen til J.R.O Transport & Service AB","description":"J.R.O Transport & Service i Grebbestad - Tanum tilbyder et omfattende udvalg af sikre transportl\u00f8sninger og fleksibel bemanding.","robots":{"index":"index","follow":"follow","max-snippet":"max-snippet:-1","max-image-preview":"max-image-preview:large","max-video-preview":"max-video-preview:-1"},"canonical":"https:\/\/jro-transport.se\/da\/hem\/","og_locale":"da_DK","og_type":"article","og_title":"Velkommen til J.R.O Transport & Service AB","og_description":"J.R.O Transport & Service i Grebbestad - Tanum tilbyder et omfattende udvalg af sikre transportl\u00f8sninger og fleksibel bemanding.","og_url":"https:\/\/jro-transport.se\/da\/hem\/","og_site_name":"J.R.O. Transport &amp; Service AB","article_modified_time":"2024-07-08T07:23:48+00:00","og_image":[{"width":800,"height":600,"url":"https:\/\/jro-transport.se\/wp-content\/uploads\/2022\/01\/jro-transportservice-1.png","type":"image\/png"}],"twitter_card":"summary_large_image","twitter_misc":{"Estimeret l\u00e6setid":"7 minutter"},"schema":{"@context":"https:\/\/schema.org","@graph":[{"@type":["WebPage","SearchResultsPage"],"@id":"https:\/\/jro-transport.se\/da\/hem\/","url":"https:\/\/jro-transport.se\/da\/hem\/","name":"Velkommen til J.R.O Transport & Service AB","isPartOf":{"@id":"https:\/\/jro-transport.se\/#website"},"datePublished":"2020-03-14T06:12:28+00:00","dateModified":"2024-07-08T07:23:48+00:00","description":"J.R.O Transport & Service i Grebbestad - Tanum tilbyder et omfattende udvalg af sikre transportl\u00f8sninger og fleksibel bemanding.","breadcrumb":{"@id":"https:\/\/jro-transport.se\/da\/hem\/#breadcrumb"},"inLanguage":"da-DK","potentialAction":[{"@type":"ReadAction","target":["https:\/\/jro-transport.se\/da\/hem\/"]}]},{"@type":"BreadcrumbList","@id":"https:\/\/jro-transport.se\/da\/hem\/#breadcrumb","itemListElement":[{"@type":"ListItem","position":1,"name":"Hem","item":"https:\/\/jro-transport.se\/da\/hem\/"},{"@type":"ListItem","position":2,"name":"Velkommen til J.R.O Transport &#038; Service AB"}]},{"@type":"WebSite","@id":"https:\/\/jro-transport.se\/#website","url":"https:\/\/jro-transport.se\/","name":"J.R.O. Transport &amp; Service AB","description":"Trygga och s\u00e4kra transporter \u00f6ver Sverige &amp; Europa","publisher":{"@id":"https:\/\/jro-transport.se\/#organization"},"potentialAction":[{"@type":"SearchAction","target":{"@type":"EntryPoint","urlTemplate":"https:\/\/jro-transport.se\/?s={search_term_string}"},"query-input":"required name=search_term_string"}],"inLanguage":"da-DK"},{"@type":"Organization","@id":"https:\/\/jro-transport.se\/#organization","name":"J.R.O. Transport & Service","url":"https:\/\/jro-transport.se\/","logo":{"@type":"ImageObject","inLanguage":"da-DK","@id":"https:\/\/jro-transport.se\/#\/schema\/logo\/image\/","url":"https:\/\/jro-transport.se\/wp-content\/uploads\/2021\/10\/jro-transport-logo.png","contentUrl":"https:\/\/jro-transport.se\/wp-content\/uploads\/2021\/10\/jro-transport-logo.png","width":120,"height":67,"caption":"J.R.O. Transport & Service"},"image":{"@id":"https:\/\/jro-transport.se\/#\/schema\/logo\/image\/"}}]}},"_links":{"self":[{"href":"https:\/\/jro-transport.se\/da\/wp-json\/wp\/v2\/pages\/2282"}],"collection":[{"href":"https:\/\/jro-transport.se\/da\/wp-json\/wp\/v2\/pages"}],"about":[{"href":"https:\/\/jro-transport.se\/da\/wp-json\/wp\/v2\/types\/page"}],"author":[{"embeddable":true,"href":"https:\/\/jro-transport.se\/da\/wp-json\/wp\/v2\/users\/2"}],"replies":[{"embeddable":true,"href":"https:\/\/jro-transport.se\/da\/wp-json\/wp\/v2\/comments?post=2282"}],"version-history":[{"count":16,"href":"https:\/\/jro-transport.se\/da\/wp-json\/wp\/v2\/pages\/2282\/revisions"}],"predecessor-version":[{"id":2285,"href":"https:\/\/jro-transport.se\/da\/wp-json\/wp\/v2\/pages\/2282\/revisions\/2285"}],"wp:featuredmedia":[{"embeddable":true,"href":"https:\/\/jro-transport.se\/da\/wp-json\/wp\/v2\/media\/2284"}],"wp:attachment":[{"href":"https:\/\/jro-transport.se\/da\/wp-json\/wp\/v2\/media?parent=2282"}],"curies":[{"name":"wp","href":"https:\/\/api.w.org\/{rel}","templated":true}]}}